{"id":1091,"date":"2025-11-18T18:03:59","date_gmt":"2025-11-18T18:03:59","guid":{"rendered":"https:\/\/kavela.furniture\/product\/pop-up-toplanti-masasi\/"},"modified":"2026-02-05T17:19:31","modified_gmt":"2026-02-05T17:19:31","slug":"pop-up-toplanti-masasi","status":"publish","type":"product","link":"https:\/\/kavela.furniture\/en\/product\/pop-up-toplanti-masasi\/","title":{"rendered":"Pop-up"},"content":{"rendered":"<p>Pop-Up is a collection of foldable desks that allow workspaces to be transformed according to needs thanks to a flexible and efficient system. Each desk is equipped with a wooden-surfaced top, a metal structure, impact-resistant edges, and a practical hook system for front and side attachment of the tops.<\/p>\n<p>Thanks to its foot wheels, Pop-Up can be moved in a few simple steps to create informal meeting areas, training environments, and simple autonomous workspaces in open areas.<\/p>\n<p>Pop-Up is versatile and delivers excellent performance in all work environments.<\/p>","protected":false},"excerpt":{"rendered":"<p>Pop-Up, esnek ve verimli bir sistem sayesinde \u00e7al\u0131\u015fma alanlar\u0131n\u0131n ihtiya\u00e7lara g\u00f6re d\u00f6n\u00fc\u015ft\u00fcr\u00fclmesini sa\u011flayan katlanabilir masa koleksiyonudur. Her masa, ah\u015fap y\u00fczeyli bir \u00fcst tabla, metal bir yap\u0131, darbeye dayan\u0131kl\u0131 kenarlar ve \u00fcst tablalar\u0131n \u00f6n ve yan birle\u015ftirmeleri i\u00e7in pratik bir kanca sistemi ile donat\u0131lm\u0131\u015ft\u0131r. Ayak tekerlekleri sayesinde Pop-Up, birka\u00e7 basit ad\u0131mda hareket ettirilerek resmi olmayan toplant\u0131 [&hellip;]<\/p>","protected":false},"featured_media":1092,"template":"","meta":{"_acf_changed":false},"product_brand":[],"product_cat":[30],"product_tag":[],"class_list":{"0":"post-1091","1":"product","2":"type-product","3":"status-publish","4":"has-post-thumbnail","6":"product_cat-masalar","8":"first","9":"instock","10":"shipping-taxable","11":"purchasable","12":"product-type-simple"},"acf":[],"_links":{"self":[{"href":"https:\/\/kavela.furniture\/en\/wp-json\/wp\/v2\/product\/1091","targetHints":{"allow":["GET"]}}],"collection":[{"href":"https:\/\/kavela.furniture\/en\/wp-json\/wp\/v2\/product"}],"about":[{"href":"https:\/\/kavela.furniture\/en\/wp-json\/wp\/v2\/types\/product"}],"wp:featuredmedia":[{"embeddable":true,"href":"https:\/\/kavela.furniture\/en\/wp-json\/wp\/v2\/media\/1092"}],"wp:attachment":[{"href":"https:\/\/kavela.furniture\/en\/wp-json\/wp\/v2\/media?parent=1091"}],"wp:term":[{"taxonomy":"product_brand","embeddable":true,"href":"https:\/\/kavela.furniture\/en\/wp-json\/wp\/v2\/product_brand?post=1091"},{"taxonomy":"product_cat","embeddable":true,"href":"https:\/\/kavela.furniture\/en\/wp-json\/wp\/v2\/product_cat?post=1091"},{"taxonomy":"product_tag","embeddable":true,"href":"https:\/\/kavela.furniture\/en\/wp-json\/wp\/v2\/product_tag?post=1091"}],"curies":[{"name":"wp","href":"https:\/\/api.w.org\/{rel}","templated":true}]}}