{"id":1093,"date":"2025-11-18T18:03:59","date_gmt":"2025-11-18T18:03:59","guid":{"rendered":"https:\/\/kavela.furniture\/product\/serenity-toplanti-masasi\/"},"modified":"2026-02-05T17:19:32","modified_gmt":"2026-02-05T17:19:32","slug":"serenity-toplanti-masasi","status":"publish","type":"product","link":"https:\/\/kavela.furniture\/en\/product\/serenity-toplanti-masasi\/","title":{"rendered":"Serenity"},"content":{"rendered":"<p>Every detail of this model in the Meeting Tables series reflects the concept of robustness and comfort.<\/p>\n<p>The foldable top allows you to fold and store the table anywhere and anytime, creating more space when needed.<br \/>The linear, angled legs, combined with its wheels, allow you to move the table easily; thus, it can be effortlessly moved around interior spaces and positioned according to your needs: a workspace, a meeting point, or a furniture accessory for relaxation areas.<\/p>\n<p>Serenity becomes the cornerstone of any interior space where daily and occasional activities take place. Perfect for offices, co-working spaces, and other communal areas, this model, available in white or shade grey, can take on a classic or modern look depending on the finish of the space. The top also offers unparalleled personalization options, with a wood-look melamine version for more traditional spaces or a concrete-look version for interiors with a more industrial feel.<\/p>","protected":false},"excerpt":{"rendered":"<p>Toplant\u0131 Masalar\u0131 serisindeki bu modelin her bir detay\u0131, sa\u011flaml\u0131k ve konfor konseptini yans\u0131t\u0131r. Katlan\u0131r \u00fcst tabla, masay\u0131 istedi\u011finiz yerde ve an\u0131nda katlay\u0131p saklaman\u0131z\u0131 sa\u011flayarak, gerekti\u011finde daha fazla alan yarat\u0131r.Do\u011frusal tasar\u0131ma sahip e\u011fimli ayaklar, tekerlekli yap\u0131s\u0131yla masay\u0131 hareket ettirebilmenizi sa\u011flar; b\u00f6ylece i\u00e7 mekanlarda zahmetsizce hareket ettirilebilir ve kullan\u0131m gereksinimlerine g\u00f6re konumland\u0131r\u0131labilir: bir \u00e7al\u0131\u015fma alan\u0131, bir bulu\u015fma [&hellip;]<\/p>","protected":false},"featured_media":1094,"template":"","meta":{"_acf_changed":false},"product_brand":[],"product_cat":[30],"product_tag":[],"class_list":{"0":"post-1093","1":"product","2":"type-product","3":"status-publish","4":"has-post-thumbnail","6":"product_cat-masalar","8":"first","9":"instock","10":"shipping-taxable","11":"purchasable","12":"product-type-simple"},"acf":[],"_links":{"self":[{"href":"https:\/\/kavela.furniture\/en\/wp-json\/wp\/v2\/product\/1093","targetHints":{"allow":["GET"]}}],"collection":[{"href":"https:\/\/kavela.furniture\/en\/wp-json\/wp\/v2\/product"}],"about":[{"href":"https:\/\/kavela.furniture\/en\/wp-json\/wp\/v2\/types\/product"}],"wp:featuredmedia":[{"embeddable":true,"href":"https:\/\/kavela.furniture\/en\/wp-json\/wp\/v2\/media\/1094"}],"wp:attachment":[{"href":"https:\/\/kavela.furniture\/en\/wp-json\/wp\/v2\/media?parent=1093"}],"wp:term":[{"taxonomy":"product_brand","embeddable":true,"href":"https:\/\/kavela.furniture\/en\/wp-json\/wp\/v2\/product_brand?post=1093"},{"taxonomy":"product_cat","embeddable":true,"href":"https:\/\/kavela.furniture\/en\/wp-json\/wp\/v2\/product_cat?post=1093"},{"taxonomy":"product_tag","embeddable":true,"href":"https:\/\/kavela.furniture\/en\/wp-json\/wp\/v2\/product_tag?post=1093"}],"curies":[{"name":"wp","href":"https:\/\/api.w.org\/{rel}","templated":true}]}}