{"id":1101,"date":"2025-11-18T18:04:05","date_gmt":"2025-11-18T18:04:05","guid":{"rendered":"https:\/\/kavela.furniture\/product\/pouf\/"},"modified":"2026-02-05T17:19:34","modified_gmt":"2026-02-05T17:19:34","slug":"pouf","status":"publish","type":"product","link":"https:\/\/kavela.furniture\/en\/product\/pouf\/","title":{"rendered":"Puff"},"content":{"rendered":"<p>How about enriching the room with different elements that are always in harmony with the spatial concept?<br \/>This is possible with poufs and object boxes designed to complement the Miami and Melbourne coffee table collections.<br \/>Furniture accessories are crucial in defining the character of a setting.<\/p>\n<p>Miami and Melbourne poufs are available in different heights with square or round cushioned seating.<br \/>They can be upholstered in fabric, including velvet, wool, and a specific type of ecological fiber chosen from numerous color shades, or covered in leather and synthetic leather.<\/p>\n<p>The pouf series differ in structure: the Miami model has a very thin iron profile and can be customized in white, shadow grey, gold, corten, or bronze. The spirit of the Melbourne Pouf, however, lies in its Scandinavian-style wood, with tapered legs that can be customized with three different finish options.<\/p>","protected":false},"excerpt":{"rendered":"<p>Mek\u00e2nsal konseptle her zaman uyumlu farkl\u0131 unsurlarla oday\u0131 zenginle\u015ftirmeye ne dersiniz?Miami ve Melbourne sehpa koleksiyonlar\u0131n\u0131 tamamlamak i\u00e7in tasarlanan puflar ve obje kutular\u0131yla bunu yapmak m\u00fcmk\u00fcn.Bir ba\u011flam\u0131n karakterini tan\u0131mlamak i\u00e7in belirleyici olan mobilya aksesuarlar\u0131d\u0131r. Miami ve Melbourne puflar, kare veya yuvarlak minderli oturma yeri ile farkl\u0131 y\u00fcksekliklerde mevcuttur.Kadife, y\u00fcn ve \u00e7ok say\u0131da renk tonundan se\u00e7ilen belirli [&hellip;]<\/p>","protected":false},"featured_media":1102,"template":"","meta":{"_acf_changed":false},"product_brand":[],"product_cat":[],"product_tag":[],"class_list":{"0":"post-1101","1":"product","2":"type-product","3":"status-publish","4":"has-post-thumbnail","7":"first","8":"instock","9":"shipping-taxable","10":"purchasable","11":"product-type-simple"},"acf":[],"_links":{"self":[{"href":"https:\/\/kavela.furniture\/en\/wp-json\/wp\/v2\/product\/1101","targetHints":{"allow":["GET"]}}],"collection":[{"href":"https:\/\/kavela.furniture\/en\/wp-json\/wp\/v2\/product"}],"about":[{"href":"https:\/\/kavela.furniture\/en\/wp-json\/wp\/v2\/types\/product"}],"wp:featuredmedia":[{"embeddable":true,"href":"https:\/\/kavela.furniture\/en\/wp-json\/wp\/v2\/media\/1102"}],"wp:attachment":[{"href":"https:\/\/kavela.furniture\/en\/wp-json\/wp\/v2\/media?parent=1101"}],"wp:term":[{"taxonomy":"product_brand","embeddable":true,"href":"https:\/\/kavela.furniture\/en\/wp-json\/wp\/v2\/product_brand?post=1101"},{"taxonomy":"product_cat","embeddable":true,"href":"https:\/\/kavela.furniture\/en\/wp-json\/wp\/v2\/product_cat?post=1101"},{"taxonomy":"product_tag","embeddable":true,"href":"https:\/\/kavela.furniture\/en\/wp-json\/wp\/v2\/product_tag?post=1101"}],"curies":[{"name":"wp","href":"https:\/\/api.w.org\/{rel}","templated":true}]}}