{"id":1107,"date":"2025-11-18T18:04:06","date_gmt":"2025-11-18T18:04:06","guid":{"rendered":"https:\/\/kavela.furniture\/product\/zefiro-kitaplik\/"},"modified":"2026-02-05T17:19:35","modified_gmt":"2026-02-05T17:19:35","slug":"zefiro-kitaplik","status":"publish","type":"product","link":"https:\/\/kavela.furniture\/en\/product\/zefiro-kitaplik\/","title":{"rendered":"Zefiro"},"content":{"rendered":"<p>A simple, refined, and geometric design for elegantly decorating living and living spaces: let&#039;s talk about Zefiro, an open bookcase perfect for furnishing the niche of an entrance hall or the wall of a living room.<\/p>\n<p>The profiles, only 18 mm thick, contribute to a complete sense of lightness, allowing the structure to integrate seamlessly with environments of varying styles.<\/p>\n<p>Zefiro caters to diverse design needs and can enhance larger or smaller spaces thanks to its three available models: basic, maxi, and super.<\/p>\n<p>Zefiro can be customized not only in size, but also with its various leg options, lacquer or melamine finishes on the sides and top surfaces, and numerous color choices. For those who want covers on certain sections of the bookcase, these can be custom-made with glass, wood veneer, or a material that matches the rest of the composition.<\/p>","protected":false},"excerpt":{"rendered":"<p>Ya\u015fam ve konaklama ortamlar\u0131n\u0131 zarif bir \u015fekilde dekore etmek i\u00e7in sade, ince ve geometrik bir yap\u0131: Giri\u015f hol\u00fcn\u00fcn ni\u015fini veya oturma odas\u0131n\u0131n duvar\u0131n\u0131 d\u00f6\u015femek i\u00e7in m\u00fckemmel bir a\u00e7\u0131k kitapl\u0131k olan Zefiro&#8217;dan bahsedelim. Sadece 18 mm kal\u0131nl\u0131\u011f\u0131ndaki profiller, farkl\u0131 stillerdeki ortamlarla uyum i\u00e7inde b\u00fct\u00fcnle\u015fen yap\u0131n\u0131n tam bir hafiflik etkisine katk\u0131da bulunur. Zefiro, farkl\u0131 tasar\u0131m ihtiya\u00e7lar\u0131n\u0131 kar\u015f\u0131lar [&hellip;]<\/p>","protected":false},"featured_media":1108,"template":"","meta":{"_acf_changed":false},"product_brand":[],"product_cat":[37],"product_tag":[],"class_list":{"0":"post-1107","1":"product","2":"type-product","3":"status-publish","4":"has-post-thumbnail","6":"product_cat-depolama","8":"first","9":"instock","10":"shipping-taxable","11":"purchasable","12":"product-type-simple"},"acf":[],"_links":{"self":[{"href":"https:\/\/kavela.furniture\/en\/wp-json\/wp\/v2\/product\/1107","targetHints":{"allow":["GET"]}}],"collection":[{"href":"https:\/\/kavela.furniture\/en\/wp-json\/wp\/v2\/product"}],"about":[{"href":"https:\/\/kavela.furniture\/en\/wp-json\/wp\/v2\/types\/product"}],"wp:featuredmedia":[{"embeddable":true,"href":"https:\/\/kavela.furniture\/en\/wp-json\/wp\/v2\/media\/1108"}],"wp:attachment":[{"href":"https:\/\/kavela.furniture\/en\/wp-json\/wp\/v2\/media?parent=1107"}],"wp:term":[{"taxonomy":"product_brand","embeddable":true,"href":"https:\/\/kavela.furniture\/en\/wp-json\/wp\/v2\/product_brand?post=1107"},{"taxonomy":"product_cat","embeddable":true,"href":"https:\/\/kavela.furniture\/en\/wp-json\/wp\/v2\/product_cat?post=1107"},{"taxonomy":"product_tag","embeddable":true,"href":"https:\/\/kavela.furniture\/en\/wp-json\/wp\/v2\/product_tag?post=1107"}],"curies":[{"name":"wp","href":"https:\/\/api.w.org\/{rel}","templated":true}]}}