{"id":1111,"date":"2025-11-18T18:04:07","date_gmt":"2025-11-18T18:04:07","guid":{"rendered":"https:\/\/kavela.furniture\/product\/cozy-masa\/"},"modified":"2026-02-05T17:19:39","modified_gmt":"2026-02-05T17:19:39","slug":"cozy-masa","status":"publish","type":"product","link":"https:\/\/kavela.furniture\/en\/product\/cozy-masa\/","title":{"rendered":"Cozy"},"content":{"rendered":"<p>Slim, simple and functional: Flipper is a convertible coffee table that can transform into a functional desk for smart work when needed.<\/p>\n<p>Flipper is equipped with a sliding top with a hidden compartment for electrical outlets and a retractable podium where computers and tablets can be placed to maintain optimum distance between eyes and the screen. When closed, it transforms into a perfect coffee table for living spaces.<\/p>\n<p>It is available with butterfly legs or four-legged tubular legs to meet different comfort needs and different aesthetic preferences.<\/p>\n<p>This piece of furniture addresses the growing need for agile and multifunctional furniture that can adapt to varying spaces, with an approach focused on time and resource optimization.<\/p>","protected":false},"excerpt":{"rendered":"<p>\u0130nce, sade ve i\u015flevsel: Flipper, gerekti\u011finde ak\u0131ll\u0131 \u00e7al\u0131\u015fma i\u00e7in i\u015flevsel bir masaya d\u00f6n\u00fc\u015febilen d\u00f6n\u00fc\u015ft\u00fcr\u00fclebilir bir sehpad\u0131r. Flipper, elektrik prizleri i\u00e7in gizli bir b\u00f6lmeye sahip s\u00fcrg\u00fcl\u00fc bir \u00fcst tabla ve g\u00f6zler ile ekran aras\u0131nda optimum mesafeyi korumak i\u00e7in bilgisayar ve tabletlerin yerle\u015ftirilebilece\u011fi geri \u00e7ekilebilir bir k\u00fcrs\u00fc ile donat\u0131lm\u0131\u015ft\u0131r. Kapat\u0131ld\u0131\u011f\u0131nda, ya\u015fam alanlar\u0131 i\u00e7in m\u00fckemmel bir sehpaya d\u00f6n\u00fc\u015f\u00fcr. [&hellip;]<\/p>","protected":false},"featured_media":1112,"template":"","meta":{"_acf_changed":false},"product_brand":[],"product_cat":[30],"product_tag":[],"class_list":{"0":"post-1111","1":"product","2":"type-product","3":"status-publish","4":"has-post-thumbnail","6":"product_cat-masalar","8":"first","9":"instock","10":"shipping-taxable","11":"purchasable","12":"product-type-simple"},"acf":[],"_links":{"self":[{"href":"https:\/\/kavela.furniture\/en\/wp-json\/wp\/v2\/product\/1111","targetHints":{"allow":["GET"]}}],"collection":[{"href":"https:\/\/kavela.furniture\/en\/wp-json\/wp\/v2\/product"}],"about":[{"href":"https:\/\/kavela.furniture\/en\/wp-json\/wp\/v2\/types\/product"}],"wp:featuredmedia":[{"embeddable":true,"href":"https:\/\/kavela.furniture\/en\/wp-json\/wp\/v2\/media\/1112"}],"wp:attachment":[{"href":"https:\/\/kavela.furniture\/en\/wp-json\/wp\/v2\/media?parent=1111"}],"wp:term":[{"taxonomy":"product_brand","embeddable":true,"href":"https:\/\/kavela.furniture\/en\/wp-json\/wp\/v2\/product_brand?post=1111"},{"taxonomy":"product_cat","embeddable":true,"href":"https:\/\/kavela.furniture\/en\/wp-json\/wp\/v2\/product_cat?post=1111"},{"taxonomy":"product_tag","embeddable":true,"href":"https:\/\/kavela.furniture\/en\/wp-json\/wp\/v2\/product_tag?post=1111"}],"curies":[{"name":"wp","href":"https:\/\/api.w.org\/{rel}","templated":true}]}}