{"id":1113,"date":"2025-11-18T18:04:07","date_gmt":"2025-11-18T18:04:07","guid":{"rendered":"https:\/\/kavela.furniture\/product\/t06-masa\/"},"modified":"2026-02-05T17:19:39","modified_gmt":"2026-02-05T17:19:39","slug":"t06-masa","status":"publish","type":"product","link":"https:\/\/kavela.furniture\/en\/product\/t06-masa\/","title":{"rendered":"T06"},"content":{"rendered":"<p>T06 is a table designed for shared moments and is perfect for restaurants, cocktail bars, and cafes.<\/p>\n<p>The T06 is a classic round table with a modern touch thanks to its extendable leg that connects the painted metal base to the tabletop.<\/p>\n<p>The top surface can be customized with melamine cores for a more compact look or with glass for a lighter effect.<\/p>\n<p>Its soft, rounded shapes make the T06 an ideal piece of furniture for bringing people together in an atmosphere of elegant harmony in accommodation facilities or loft relaxation areas.<\/p>","protected":false},"excerpt":{"rendered":"<p>T06, payla\u015f\u0131lan anlar i\u00e7in tasarlanm\u0131\u015f bir masa olup restoranlar, kokteyl barlar ve kafeteryalar i\u00e7in m\u00fckemmeldir. T06, boyal\u0131 metal taban ile \u00fcst tablay\u0131 birle\u015ftiren geni\u015fleyen aya\u011f\u0131 sayesinde modern bir dokunu\u015fa sahip klasik bir yuvarlak masad\u0131r. \u00dcst tabla, daha kompakt bir g\u00f6r\u00fcn\u00fcm kazand\u0131rmak i\u00e7in melamin \u00f6zlerle veya hafif bir etki i\u00e7in camla \u00f6zelle\u015ftirilebilir. Yumu\u015fak ve yuvarlak \u015fekilleri, [&hellip;]<\/p>","protected":false},"featured_media":1112,"template":"","meta":{"_acf_changed":false},"product_brand":[],"product_cat":[30],"product_tag":[],"class_list":{"0":"post-1113","1":"product","2":"type-product","3":"status-publish","4":"has-post-thumbnail","6":"product_cat-masalar","8":"first","9":"instock","10":"shipping-taxable","11":"purchasable","12":"product-type-simple"},"acf":[],"_links":{"self":[{"href":"https:\/\/kavela.furniture\/en\/wp-json\/wp\/v2\/product\/1113","targetHints":{"allow":["GET"]}}],"collection":[{"href":"https:\/\/kavela.furniture\/en\/wp-json\/wp\/v2\/product"}],"about":[{"href":"https:\/\/kavela.furniture\/en\/wp-json\/wp\/v2\/types\/product"}],"wp:featuredmedia":[{"embeddable":true,"href":"https:\/\/kavela.furniture\/en\/wp-json\/wp\/v2\/media\/1112"}],"wp:attachment":[{"href":"https:\/\/kavela.furniture\/en\/wp-json\/wp\/v2\/media?parent=1113"}],"wp:term":[{"taxonomy":"product_brand","embeddable":true,"href":"https:\/\/kavela.furniture\/en\/wp-json\/wp\/v2\/product_brand?post=1113"},{"taxonomy":"product_cat","embeddable":true,"href":"https:\/\/kavela.furniture\/en\/wp-json\/wp\/v2\/product_cat?post=1113"},{"taxonomy":"product_tag","embeddable":true,"href":"https:\/\/kavela.furniture\/en\/wp-json\/wp\/v2\/product_tag?post=1113"}],"curies":[{"name":"wp","href":"https:\/\/api.w.org\/{rel}","templated":true}]}}