{"id":1114,"date":"2025-11-18T18:04:07","date_gmt":"2025-11-18T18:04:07","guid":{"rendered":"https:\/\/kavela.furniture\/product\/t05-sehpa\/"},"modified":"2026-02-05T17:19:40","modified_gmt":"2026-02-05T17:19:40","slug":"t05-sehpa","status":"publish","type":"product","link":"https:\/\/kavela.furniture\/en\/product\/t05-sehpa\/","title":{"rendered":"T05"},"content":{"rendered":"<p>T05 is a series of square or rectangular coffee tables with strong and authoritative volumes, designed to better define the environments of residential areas or accommodation facilities.<\/p>\n<p>By definition a delightful element, the T05 can become the focal point of a living room, waiting room, or relaxation area when used with ottomans, armchairs, and sofas. Its unique design allows it to be perfectly combined with furniture accessories from the Miami and Montreal series to create geometric and dynamic compositions.<br \/>The 45\u00b0 angled joints give the T05 a square and neat appearance, creating a harmonious relationship with the surrounding furniture.<br \/>Lacquered wood or melamine tabletops can be integrated into environments of different styles.<br \/>T05 is a unique answer to a wide range of design needs for challenging interior design, paying attention to material quality and the final aesthetic result.<\/p>","protected":false},"excerpt":{"rendered":"<p>T05, konut alanlar\u0131n\u0131 veya konaklama tesislerinin ortamlar\u0131n\u0131 daha iyi tan\u0131mlamak i\u00e7in tasarlanm\u0131\u015f, g\u00fc\u00e7l\u00fc ve otoriter hacimlere sahip kare veya dikd\u00f6rtgen sehpalardan olu\u015fan bir seridir. Tan\u0131m gere\u011fi keyifli bir unsur olan T05, puflar, koltuklar ve kanepelerle birlikte kullan\u0131ld\u0131\u011f\u0131nda bir oturma odas\u0131n\u0131n, bekleme odas\u0131n\u0131n veya dinlenme alan\u0131n\u0131n merkezi haline gelebilir. \u00d6zg\u00fcn tasar\u0131m\u0131, geometrik ve dinamik kompozisyonlar olu\u015fturmak [&hellip;]<\/p>","protected":false},"featured_media":1115,"template":"","meta":{"_acf_changed":false},"product_brand":[],"product_cat":[31],"product_tag":[],"class_list":{"0":"post-1114","1":"product","2":"type-product","3":"status-publish","4":"has-post-thumbnail","6":"product_cat-sehpalar","8":"first","9":"instock","10":"shipping-taxable","11":"purchasable","12":"product-type-simple"},"acf":[],"_links":{"self":[{"href":"https:\/\/kavela.furniture\/en\/wp-json\/wp\/v2\/product\/1114","targetHints":{"allow":["GET"]}}],"collection":[{"href":"https:\/\/kavela.furniture\/en\/wp-json\/wp\/v2\/product"}],"about":[{"href":"https:\/\/kavela.furniture\/en\/wp-json\/wp\/v2\/types\/product"}],"wp:featuredmedia":[{"embeddable":true,"href":"https:\/\/kavela.furniture\/en\/wp-json\/wp\/v2\/media\/1115"}],"wp:attachment":[{"href":"https:\/\/kavela.furniture\/en\/wp-json\/wp\/v2\/media?parent=1114"}],"wp:term":[{"taxonomy":"product_brand","embeddable":true,"href":"https:\/\/kavela.furniture\/en\/wp-json\/wp\/v2\/product_brand?post=1114"},{"taxonomy":"product_cat","embeddable":true,"href":"https:\/\/kavela.furniture\/en\/wp-json\/wp\/v2\/product_cat?post=1114"},{"taxonomy":"product_tag","embeddable":true,"href":"https:\/\/kavela.furniture\/en\/wp-json\/wp\/v2\/product_tag?post=1114"}],"curies":[{"name":"wp","href":"https:\/\/api.w.org\/{rel}","templated":true}]}}