{"id":1116,"date":"2025-11-18T18:04:08","date_gmt":"2025-11-18T18:04:08","guid":{"rendered":"https:\/\/kavela.furniture\/product\/t03-sehpa\/"},"modified":"2026-02-05T17:19:40","modified_gmt":"2026-02-05T17:19:40","slug":"t03-sehpa","status":"publish","type":"product","link":"https:\/\/kavela.furniture\/en\/product\/t03-sehpa\/","title":{"rendered":"T03"},"content":{"rendered":"<p>T03 is a collection of coffee tables with biconical bases and circular melamine tops, designed for different contexts, public and private spaces.<\/p>\n<p>The T03 can be used and customized in different ways: a simple table that can be folded into multiple versions to meet interior design needs.<br \/>The melamine top and painted metal base are seamlessly joined, customizable in size, height, and finish to integrate seamlessly into inviting settings.<\/p>\n<p>The larger version of the T03 is suitable for a private home kitchen, restaurant, or cocktail bar; the smaller model pairs perfectly with sofas and armchairs to complement a living room or relaxation area.<\/p>","protected":false},"excerpt":{"rendered":"<p>T03, farkl\u0131 ba\u011flamlar, kamusal ve \u00f6zel alanlar i\u00e7in tasarlanm\u0131\u015f, bikonik tabanl\u0131 ve dairesel melamin \u00fcst tablal\u0131 bir sehpa koleksiyonudur. T03, farkl\u0131 \u015fekillerde kullan\u0131labilir ve \u00f6zelle\u015ftirilebilir: \u0130\u00e7 mekan tasar\u0131m ihtiya\u00e7lar\u0131n\u0131 kar\u015f\u0131lamak i\u00e7in birden fazla versiyonda katlanabilen sade bir masa.Melamin \u00fcst tabla ve boyal\u0131 metal taban, keyifli ortamlara entegre olmak i\u00e7in boyut, y\u00fckseklik ve kaplamalarda \u00f6zelle\u015ftirilebilen kesintisiz [&hellip;]<\/p>","protected":false},"featured_media":1117,"template":"","meta":{"_acf_changed":false},"product_brand":[],"product_cat":[31],"product_tag":[],"class_list":{"0":"post-1116","1":"product","2":"type-product","3":"status-publish","4":"has-post-thumbnail","6":"product_cat-sehpalar","8":"first","9":"instock","10":"shipping-taxable","11":"purchasable","12":"product-type-simple"},"acf":[],"_links":{"self":[{"href":"https:\/\/kavela.furniture\/en\/wp-json\/wp\/v2\/product\/1116","targetHints":{"allow":["GET"]}}],"collection":[{"href":"https:\/\/kavela.furniture\/en\/wp-json\/wp\/v2\/product"}],"about":[{"href":"https:\/\/kavela.furniture\/en\/wp-json\/wp\/v2\/types\/product"}],"wp:featuredmedia":[{"embeddable":true,"href":"https:\/\/kavela.furniture\/en\/wp-json\/wp\/v2\/media\/1117"}],"wp:attachment":[{"href":"https:\/\/kavela.furniture\/en\/wp-json\/wp\/v2\/media?parent=1116"}],"wp:term":[{"taxonomy":"product_brand","embeddable":true,"href":"https:\/\/kavela.furniture\/en\/wp-json\/wp\/v2\/product_brand?post=1116"},{"taxonomy":"product_cat","embeddable":true,"href":"https:\/\/kavela.furniture\/en\/wp-json\/wp\/v2\/product_cat?post=1116"},{"taxonomy":"product_tag","embeddable":true,"href":"https:\/\/kavela.furniture\/en\/wp-json\/wp\/v2\/product_tag?post=1116"}],"curies":[{"name":"wp","href":"https:\/\/api.w.org\/{rel}","templated":true}]}}