{"id":1118,"date":"2025-11-18T18:04:08","date_gmt":"2025-11-18T18:04:08","guid":{"rendered":"https:\/\/kavela.furniture\/product\/t02-sehpa\/"},"modified":"2026-02-05T17:19:41","modified_gmt":"2026-02-05T17:19:41","slug":"t02-sehpa","status":"publish","type":"product","link":"https:\/\/kavela.furniture\/en\/product\/t02-sehpa\/","title":{"rendered":"T02"},"content":{"rendered":"<p>T02 is a series of coffee tables with a pyramid base and melamine top, designed for basic spaces with a minimalist aesthetic.<\/p>\n<p>The simplicity of the T02 is available in a variety of shapes and styles: the coffee table is available in three different heights, varying in tabletop size and finishes, and decorates any space with discretion and sophistication.<br \/>The painted metal base and melamine top create harmony or contrast, forming calm or dynamic combinations suitable for modern contexts. For example, when the shade grey base is combined with the eucalyptus-toned melamine top, the table acquires an elegant and stylish look, suitable for both residential and luxury homes.<\/p>","protected":false},"excerpt":{"rendered":"<p>T02, piramit tabanl\u0131 ve melamin \u00fcst tablal\u0131, minimalist bir zevke sahip temel mekanlar i\u00e7in tasarlanm\u0131\u015f bir sehpa serisidir. T02&#8217;nin sadeli\u011fi \u00e7e\u015fitli \u015fekil ve stillerde mevcuttur: sehpa, \u00fcst tabla boyutu ve kaplamalar\u0131 a\u00e7\u0131s\u0131ndan farkl\u0131 \u00fc\u00e7 farkl\u0131 y\u00fckseklikte mevcuttur ve her alan\u0131 karar ve incelikle dekore eder.Boyal\u0131 metal taban ve melamin \u00fcst tabla, modern ba\u011flamlara uygun, sakin [&hellip;]<\/p>","protected":false},"featured_media":1119,"template":"","meta":{"_acf_changed":false},"product_brand":[],"product_cat":[],"product_tag":[],"class_list":{"0":"post-1118","1":"product","2":"type-product","3":"status-publish","4":"has-post-thumbnail","7":"first","8":"instock","9":"shipping-taxable","10":"purchasable","11":"product-type-simple"},"acf":[],"_links":{"self":[{"href":"https:\/\/kavela.furniture\/en\/wp-json\/wp\/v2\/product\/1118","targetHints":{"allow":["GET"]}}],"collection":[{"href":"https:\/\/kavela.furniture\/en\/wp-json\/wp\/v2\/product"}],"about":[{"href":"https:\/\/kavela.furniture\/en\/wp-json\/wp\/v2\/types\/product"}],"wp:featuredmedia":[{"embeddable":true,"href":"https:\/\/kavela.furniture\/en\/wp-json\/wp\/v2\/media\/1119"}],"wp:attachment":[{"href":"https:\/\/kavela.furniture\/en\/wp-json\/wp\/v2\/media?parent=1118"}],"wp:term":[{"taxonomy":"product_brand","embeddable":true,"href":"https:\/\/kavela.furniture\/en\/wp-json\/wp\/v2\/product_brand?post=1118"},{"taxonomy":"product_cat","embeddable":true,"href":"https:\/\/kavela.furniture\/en\/wp-json\/wp\/v2\/product_cat?post=1118"},{"taxonomy":"product_tag","embeddable":true,"href":"https:\/\/kavela.furniture\/en\/wp-json\/wp\/v2\/product_tag?post=1118"}],"curies":[{"name":"wp","href":"https:\/\/api.w.org\/{rel}","templated":true}]}}