{"id":1120,"date":"2025-11-18T18:04:08","date_gmt":"2025-11-18T18:04:08","guid":{"rendered":"https:\/\/kavela.furniture\/product\/t01-sehpa\/"},"modified":"2026-02-05T17:19:41","modified_gmt":"2026-02-05T17:19:41","slug":"t01-sehpa","status":"publish","type":"product","link":"https:\/\/kavela.furniture\/en\/product\/t01-sehpa\/","title":{"rendered":"T01"},"content":{"rendered":"<p>T01 is a series of coffee tables with painted metal legs and a circular base, available with square or circular melamine tabletops.<\/p>\n<p>These furniture accessories are ideal for indoor and outdoor use in residential or accommodation spaces.<\/p>\n<p>&nbsp;<\/p>\n<p>The T01 is available in a high version, for example, to accompany a seat and table in a bar, or in a low version that serves as a tabletop next to sofas and armchairs in a relaxation area.<br \/>Choosing a circular tabletop creates a &quot;reflection&quot; effect by forming a shape reflection between the support surface and the base, resulting in an intrinsic harmony that is both pleasing to look at and pleasing to use. A square tabletop, on the other hand, creates a contrast with the base, restoring a sense of design with a strong personality that can characterize the context in which it is placed.<\/p>\n<p>The series can be customized in terms of finishes to match the dominant aesthetic of the destination.<\/p>","protected":false},"excerpt":{"rendered":"<p>T01, boyal\u0131 metalden yap\u0131lm\u0131\u015f ayakl\u0131 ve dairesel tabanl\u0131, kare veya dairesel melamin tablal\u0131 bir sehpa serisidir. Bu mobilya aksesuarlar\u0131, konut veya konaklama alanlar\u0131ndaki i\u00e7 ve d\u0131\u015f mekanlar i\u00e7in idealdir. &nbsp; T01, \u00f6rne\u011fin bir barda bir koltuk ve masaya e\u015flik etmek i\u00e7in y\u00fcksek bir versiyonda veya bir dinlenme alan\u0131ndaki kanepe ve koltuklar\u0131n yan\u0131nda masa tablas\u0131 g\u00f6revi [&hellip;]<\/p>","protected":false},"featured_media":1121,"template":"","meta":{"_acf_changed":false},"product_brand":[],"product_cat":[31],"product_tag":[],"class_list":{"0":"post-1120","1":"product","2":"type-product","3":"status-publish","4":"has-post-thumbnail","6":"product_cat-sehpalar","8":"first","9":"instock","10":"shipping-taxable","11":"purchasable","12":"product-type-simple"},"acf":[],"_links":{"self":[{"href":"https:\/\/kavela.furniture\/en\/wp-json\/wp\/v2\/product\/1120","targetHints":{"allow":["GET"]}}],"collection":[{"href":"https:\/\/kavela.furniture\/en\/wp-json\/wp\/v2\/product"}],"about":[{"href":"https:\/\/kavela.furniture\/en\/wp-json\/wp\/v2\/types\/product"}],"wp:featuredmedia":[{"embeddable":true,"href":"https:\/\/kavela.furniture\/en\/wp-json\/wp\/v2\/media\/1121"}],"wp:attachment":[{"href":"https:\/\/kavela.furniture\/en\/wp-json\/wp\/v2\/media?parent=1120"}],"wp:term":[{"taxonomy":"product_brand","embeddable":true,"href":"https:\/\/kavela.furniture\/en\/wp-json\/wp\/v2\/product_brand?post=1120"},{"taxonomy":"product_cat","embeddable":true,"href":"https:\/\/kavela.furniture\/en\/wp-json\/wp\/v2\/product_cat?post=1120"},{"taxonomy":"product_tag","embeddable":true,"href":"https:\/\/kavela.furniture\/en\/wp-json\/wp\/v2\/product_tag?post=1120"}],"curies":[{"name":"wp","href":"https:\/\/api.w.org\/{rel}","templated":true}]}}