{"id":1128,"date":"2025-11-18T18:04:09","date_gmt":"2025-11-18T18:04:09","guid":{"rendered":"https:\/\/kavela.furniture\/product\/two-masa\/"},"modified":"2026-02-05T17:19:42","modified_gmt":"2026-02-05T17:19:42","slug":"two-masa","status":"publish","type":"product","link":"https:\/\/kavela.furniture\/en\/product\/two-masa\/","title":{"rendered":"Two"},"content":{"rendered":"<p>Two finds a natural place in home environments as an ideal living room table for dining, studying, or working.<\/p>\n<p>Its eccentric structure and unusual shapes make Two suitable for modern, elegant, and original spaces.<br \/>There are 9 different options available with oval or square melamine tabletops.<br \/>The tubular legs, customizable in white, grey, or aluminum, extend towards the floor, giving the table a striking appearance.<br \/>Thanks to its personalization options, Two perfectly matches the spirit and chosen style of your interior design project.<\/p>","protected":false},"excerpt":{"rendered":"<p>Two, yemek, \u00e7al\u0131\u015fma veya \u00e7al\u0131\u015fma i\u00e7in ideal bir oturma odas\u0131 masas\u0131 olarak ev ortamlar\u0131nda do\u011fal bir yer edinir. Eksantrik yap\u0131s\u0131 ve al\u0131\u015f\u0131lmad\u0131k \u015fekilleri, Two&#8217;yu modern, zarif ve \u00f6zg\u00fcn mekanlar i\u00e7in uygun hale getirir.Oval veya kare melamin tabla ile 9 farkl\u0131 se\u00e7enek mevcuttur.Beyaz, gri veya al\u00fcminyum olarak \u00f6zelle\u015ftirilebilen boru \u015feklindeki ayaklar, zemine do\u011fru uzanarak masaya g\u00f6z [&hellip;]<\/p>","protected":false},"featured_media":1129,"template":"","meta":{"_acf_changed":false},"product_brand":[],"product_cat":[30],"product_tag":[],"class_list":{"0":"post-1128","1":"product","2":"type-product","3":"status-publish","4":"has-post-thumbnail","6":"product_cat-masalar","8":"first","9":"instock","10":"shipping-taxable","11":"purchasable","12":"product-type-simple"},"acf":[],"_links":{"self":[{"href":"https:\/\/kavela.furniture\/en\/wp-json\/wp\/v2\/product\/1128","targetHints":{"allow":["GET"]}}],"collection":[{"href":"https:\/\/kavela.furniture\/en\/wp-json\/wp\/v2\/product"}],"about":[{"href":"https:\/\/kavela.furniture\/en\/wp-json\/wp\/v2\/types\/product"}],"wp:featuredmedia":[{"embeddable":true,"href":"https:\/\/kavela.furniture\/en\/wp-json\/wp\/v2\/media\/1129"}],"wp:attachment":[{"href":"https:\/\/kavela.furniture\/en\/wp-json\/wp\/v2\/media?parent=1128"}],"wp:term":[{"taxonomy":"product_brand","embeddable":true,"href":"https:\/\/kavela.furniture\/en\/wp-json\/wp\/v2\/product_brand?post=1128"},{"taxonomy":"product_cat","embeddable":true,"href":"https:\/\/kavela.furniture\/en\/wp-json\/wp\/v2\/product_cat?post=1128"},{"taxonomy":"product_tag","embeddable":true,"href":"https:\/\/kavela.furniture\/en\/wp-json\/wp\/v2\/product_tag?post=1128"}],"curies":[{"name":"wp","href":"https:\/\/api.w.org\/{rel}","templated":true}]}}