{"id":1130,"date":"2025-11-18T18:04:10","date_gmt":"2025-11-18T18:04:10","guid":{"rendered":"https:\/\/kavela.furniture\/product\/three-masa\/"},"modified":"2026-02-05T17:19:43","modified_gmt":"2026-02-05T17:19:43","slug":"three-masa","status":"publish","type":"product","link":"https:\/\/kavela.furniture\/en\/product\/three-masa\/","title":{"rendered":"Three"},"content":{"rendered":"<p>Customizable and versatile: Three is perfect for canteens, restaurants, or residential settings, perhaps even as a desk for the bedroom in conjunction with a countertop.<\/p>\n<p>Its design is linear yet distinctive, with a minimalist tapered base that serves as a cornerstone of its personality.<br \/>The metal structure is available in different shades such as white and shadow grey, or in a version with wooden legs: metal with oak wood details, a detail that enhances the profile and accentuates environments with more classic tastes.<br \/>The tabletop can be customized with eight different melamine options: whatever the mood of the project, Three will respond very well to everything.<br \/>A single table, multiple possibilities for interpreting it.<\/p>","protected":false},"excerpt":{"rendered":"<p>Ki\u015fiselle\u015ftirilebilir ve \u00e7ok y\u00f6nl\u00fc: Three, kantinler, restoranlar veya konut ortamlar\u0131 i\u00e7in, belki de bir kontrakoltukla birlikte yatak odas\u0131 i\u00e7in bir \u00e7al\u0131\u015fma masas\u0131 olarak m\u00fckemmeldir. Tasar\u0131m\u0131, ki\u015fili\u011finin dayanak noktas\u0131 olan minimal konik kesitli aya\u011f\u0131yla do\u011frusal ancak kendine \u00f6zg\u00fcd\u00fcr.Metal yap\u0131, beyaz ve g\u00f6lge grisi gibi farkl\u0131 tonlarda veya ah\u015fap ayakl\u0131 versiyonda mevcuttur: profili g\u00fczelle\u015ftiren ve daha klasik [&hellip;]<\/p>","protected":false},"featured_media":1131,"template":"","meta":{"_acf_changed":false},"product_brand":[],"product_cat":[30],"product_tag":[],"class_list":{"0":"post-1130","1":"product","2":"type-product","3":"status-publish","4":"has-post-thumbnail","6":"product_cat-masalar","8":"first","9":"instock","10":"shipping-taxable","11":"purchasable","12":"product-type-simple"},"acf":[],"_links":{"self":[{"href":"https:\/\/kavela.furniture\/en\/wp-json\/wp\/v2\/product\/1130","targetHints":{"allow":["GET"]}}],"collection":[{"href":"https:\/\/kavela.furniture\/en\/wp-json\/wp\/v2\/product"}],"about":[{"href":"https:\/\/kavela.furniture\/en\/wp-json\/wp\/v2\/types\/product"}],"wp:featuredmedia":[{"embeddable":true,"href":"https:\/\/kavela.furniture\/en\/wp-json\/wp\/v2\/media\/1131"}],"wp:attachment":[{"href":"https:\/\/kavela.furniture\/en\/wp-json\/wp\/v2\/media?parent=1130"}],"wp:term":[{"taxonomy":"product_brand","embeddable":true,"href":"https:\/\/kavela.furniture\/en\/wp-json\/wp\/v2\/product_brand?post=1130"},{"taxonomy":"product_cat","embeddable":true,"href":"https:\/\/kavela.furniture\/en\/wp-json\/wp\/v2\/product_cat?post=1130"},{"taxonomy":"product_tag","embeddable":true,"href":"https:\/\/kavela.furniture\/en\/wp-json\/wp\/v2\/product_tag?post=1130"}],"curies":[{"name":"wp","href":"https:\/\/api.w.org\/{rel}","templated":true}]}}