{"id":1132,"date":"2025-11-18T18:04:10","date_gmt":"2025-11-18T18:04:10","guid":{"rendered":"https:\/\/kavela.furniture\/product\/five-masa\/"},"modified":"2026-02-05T17:19:43","modified_gmt":"2026-02-05T17:19:43","slug":"five-masa","status":"publish","type":"product","link":"https:\/\/kavela.furniture\/en\/product\/five-masa\/","title":{"rendered":"Five"},"content":{"rendered":"<p>Home office, kitchen, restaurant, cocktail bar: there&#039;s no space Five doesn&#039;t enhance with its unique foldable design. The table has a linear design and is available in different sizes to make the most of any space.<\/p>\n<p>With a wide variety of finishes and color options to choose from, it&#039;s possible to personalize Five in every aspect and tailor it to meet both aesthetic and functional expectations.<\/p>\n<p>The tabletop can have a depth of 80 mm or 90 mm and can be produced in eight different melamine finishes, which can be combined with minimalist legs in various colors such as classic, white, or shadow grey, or with more valuable colors such as gold, corten, or bronze.<\/p>","protected":false},"excerpt":{"rendered":"<p>Home ofis, mutfak, restoran, kokteyl bar: Five&#8217;\u0131n kendine \u00f6zg\u00fc katlanabilir yap\u0131s\u0131yla zenginle\u015ftirmedi\u011fi hi\u00e7bir mekan yok. Masa, do\u011frusal bir tasar\u0131ma sahip ve her t\u00fcrl\u00fc alandan en iyi \u015fekilde yararlanmak i\u00e7in farkl\u0131 boyutlarda mevcut. Se\u00e7ebilece\u011finiz \u00e7ok say\u0131da kaplama ve renk tonu sayesinde Five&#8217;\u0131 her a\u00e7\u0131dan ki\u015fiselle\u015ftirmek ve estetik ve i\u015flevsel beklentilere uygun hale getirmek m\u00fcmk\u00fcn. \u00dcst tabla [&hellip;]<\/p>","protected":false},"featured_media":1133,"template":"","meta":{"_acf_changed":false},"product_brand":[],"product_cat":[30],"product_tag":[],"class_list":{"0":"post-1132","1":"product","2":"type-product","3":"status-publish","4":"has-post-thumbnail","6":"product_cat-masalar","8":"first","9":"instock","10":"shipping-taxable","11":"purchasable","12":"product-type-simple"},"acf":[],"_links":{"self":[{"href":"https:\/\/kavela.furniture\/en\/wp-json\/wp\/v2\/product\/1132","targetHints":{"allow":["GET"]}}],"collection":[{"href":"https:\/\/kavela.furniture\/en\/wp-json\/wp\/v2\/product"}],"about":[{"href":"https:\/\/kavela.furniture\/en\/wp-json\/wp\/v2\/types\/product"}],"wp:featuredmedia":[{"embeddable":true,"href":"https:\/\/kavela.furniture\/en\/wp-json\/wp\/v2\/media\/1133"}],"wp:attachment":[{"href":"https:\/\/kavela.furniture\/en\/wp-json\/wp\/v2\/media?parent=1132"}],"wp:term":[{"taxonomy":"product_brand","embeddable":true,"href":"https:\/\/kavela.furniture\/en\/wp-json\/wp\/v2\/product_brand?post=1132"},{"taxonomy":"product_cat","embeddable":true,"href":"https:\/\/kavela.furniture\/en\/wp-json\/wp\/v2\/product_cat?post=1132"},{"taxonomy":"product_tag","embeddable":true,"href":"https:\/\/kavela.furniture\/en\/wp-json\/wp\/v2\/product_tag?post=1132"}],"curies":[{"name":"wp","href":"https:\/\/api.w.org\/{rel}","templated":true}]}}