{"id":1134,"date":"2025-11-18T18:04:10","date_gmt":"2025-11-18T18:04:10","guid":{"rendered":"https:\/\/kavela.furniture\/product\/six-masa\/"},"modified":"2026-02-05T17:19:44","modified_gmt":"2026-02-05T17:19:44","slug":"six-masa","status":"publish","type":"product","link":"https:\/\/kavela.furniture\/en\/product\/six-masa\/","title":{"rendered":"Six"},"content":{"rendered":"<p>Suitable for residential and commercial environments, Six features a patented design that highlights its slim profile and simple, elegant structure, and can be personalized with premium finishes.<\/p>\n<p>Six boasts a versatile and customizable design, allowing it to blend seamlessly into modern settings with a minimalist and elegant style. The 30x30 mm legs and structure add a touch of refined elegance, and the wide range of finishes and colors available allows for personalization.<\/p>\n<p>The tabletop can come in various versions of glossy or matte porcelain ceramic, while the legs are available in white or shade grey metal, or in trendy metallic finishes such as gold, bronze, and corten steel.<\/p>\n<p>Six&#039;s aesthetic synthesis encompasses a logical design achieved by reducing elements down to their most fundamental components. Therefore, the table is a pure design condensation, expressing everything that can be said through its very existence.<\/p>","protected":false},"excerpt":{"rendered":"<p>Konut ve i\u015f ortamlar\u0131 i\u00e7in uygun olan Six, patentli tasar\u0131m\u0131yla ince profilini ve sade ve zarif yap\u0131s\u0131n\u0131 \u00f6ne \u00e7\u0131karan de\u011ferli kaplamalar\u0131yla ki\u015fiselle\u015ftirilebilir. Six, modern ortamlara minimal ve \u015f\u0131k bir tarzla uyum sa\u011flamas\u0131 i\u00e7in \u00e7ok y\u00f6nl\u00fc ve ki\u015fiselle\u015ftirilebilir bir yap\u0131ya sahiptir. 30\u00d730 mm boyutlar\u0131ndaki ayaklar ve yap\u0131, masaya ince bir zarafet katar ve mevcut geni\u015f kaplama [&hellip;]<\/p>","protected":false},"featured_media":1135,"template":"","meta":{"_acf_changed":false},"product_brand":[],"product_cat":[30],"product_tag":[],"class_list":{"0":"post-1134","1":"product","2":"type-product","3":"status-publish","4":"has-post-thumbnail","6":"product_cat-masalar","8":"first","9":"instock","10":"shipping-taxable","11":"purchasable","12":"product-type-simple"},"acf":[],"_links":{"self":[{"href":"https:\/\/kavela.furniture\/en\/wp-json\/wp\/v2\/product\/1134","targetHints":{"allow":["GET"]}}],"collection":[{"href":"https:\/\/kavela.furniture\/en\/wp-json\/wp\/v2\/product"}],"about":[{"href":"https:\/\/kavela.furniture\/en\/wp-json\/wp\/v2\/types\/product"}],"wp:featuredmedia":[{"embeddable":true,"href":"https:\/\/kavela.furniture\/en\/wp-json\/wp\/v2\/media\/1135"}],"wp:attachment":[{"href":"https:\/\/kavela.furniture\/en\/wp-json\/wp\/v2\/media?parent=1134"}],"wp:term":[{"taxonomy":"product_brand","embeddable":true,"href":"https:\/\/kavela.furniture\/en\/wp-json\/wp\/v2\/product_brand?post=1134"},{"taxonomy":"product_cat","embeddable":true,"href":"https:\/\/kavela.furniture\/en\/wp-json\/wp\/v2\/product_cat?post=1134"},{"taxonomy":"product_tag","embeddable":true,"href":"https:\/\/kavela.furniture\/en\/wp-json\/wp\/v2\/product_tag?post=1134"}],"curies":[{"name":"wp","href":"https:\/\/api.w.org\/{rel}","templated":true}]}}