{"id":1136,"date":"2025-11-18T18:04:10","date_gmt":"2025-11-18T18:04:10","guid":{"rendered":"https:\/\/kavela.furniture\/product\/seven-masa\/"},"modified":"2026-02-05T17:19:44","modified_gmt":"2026-02-05T17:19:44","slug":"seven-masa","status":"publish","type":"product","link":"https:\/\/kavela.furniture\/en\/product\/seven-masa\/","title":{"rendered":"Loving"},"content":{"rendered":"<p>Ideal for the kitchen, home or restaurant dining room, Seven is designed for moments of pure enjoyment and more. Depending on the chosen finishes, the table can also be used as a work desk in a private studio.<\/p>\n<p>To suit different tastes and styles, the Seven&#039;s tabletop is offered in three different finishes: melamine (choose from white, elm, eucalyptus and walnut), lacquered wood or glass.<\/p>\n<p>The table&#039;s slim profiles are complemented by legs available in open or closed versions in white, shade grey, and chrome, or in luxurious metal options such as gold, corten, and bronze to add an elegant nuance.<\/p>","protected":false},"excerpt":{"rendered":"<p>Mutfak, ev veya restoran yemek odas\u0131 i\u00e7in ideal olan Seven, saf e\u011flence anlar\u0131 ve daha fazlas\u0131 i\u00e7in tasarlanm\u0131\u015ft\u0131r. Masa, se\u00e7ilen kaplamalara g\u00f6re \u00f6zel bir st\u00fcdyonun \u00e7al\u0131\u015fma masas\u0131 olarak da kullan\u0131labilir. Farkl\u0131 zevk ve tarzlara uyum sa\u011flamak i\u00e7in Seven&#8217;\u0131n \u00fcst tablas\u0131 \u00fc\u00e7 farkl\u0131 kaplama se\u00e7ene\u011fiyle sunulmaktad\u0131r: melamin (beyaz, karaa\u011fa\u00e7, okalipt\u00fcs ve ceviz aras\u0131ndan se\u00e7im yap\u0131labilir), lake [&hellip;]<\/p>","protected":false},"featured_media":1137,"template":"","meta":{"_acf_changed":false},"product_brand":[],"product_cat":[30],"product_tag":[],"class_list":{"0":"post-1136","1":"product","2":"type-product","3":"status-publish","4":"has-post-thumbnail","6":"product_cat-masalar","8":"first","9":"instock","10":"shipping-taxable","11":"purchasable","12":"product-type-simple"},"acf":[],"_links":{"self":[{"href":"https:\/\/kavela.furniture\/en\/wp-json\/wp\/v2\/product\/1136","targetHints":{"allow":["GET"]}}],"collection":[{"href":"https:\/\/kavela.furniture\/en\/wp-json\/wp\/v2\/product"}],"about":[{"href":"https:\/\/kavela.furniture\/en\/wp-json\/wp\/v2\/types\/product"}],"wp:featuredmedia":[{"embeddable":true,"href":"https:\/\/kavela.furniture\/en\/wp-json\/wp\/v2\/media\/1137"}],"wp:attachment":[{"href":"https:\/\/kavela.furniture\/en\/wp-json\/wp\/v2\/media?parent=1136"}],"wp:term":[{"taxonomy":"product_brand","embeddable":true,"href":"https:\/\/kavela.furniture\/en\/wp-json\/wp\/v2\/product_brand?post=1136"},{"taxonomy":"product_cat","embeddable":true,"href":"https:\/\/kavela.furniture\/en\/wp-json\/wp\/v2\/product_cat?post=1136"},{"taxonomy":"product_tag","embeddable":true,"href":"https:\/\/kavela.furniture\/en\/wp-json\/wp\/v2\/product_tag?post=1136"}],"curies":[{"name":"wp","href":"https:\/\/api.w.org\/{rel}","templated":true}]}}