{"id":1138,"date":"2025-11-18T18:04:11","date_gmt":"2025-11-18T18:04:11","guid":{"rendered":"https:\/\/kavela.furniture\/product\/eight-masa\/"},"modified":"2026-02-05T17:19:45","modified_gmt":"2026-02-05T17:19:45","slug":"eight-masa","status":"publish","type":"product","link":"https:\/\/kavela.furniture\/en\/product\/eight-masa\/","title":{"rendered":"Eight"},"content":{"rendered":"<p>One table, many different lifestyles: Eight offers customizable finish options to suit living and living spaces.<br \/>The metal tabletop, available in white, elm, eucalyptus, and walnut tones, and in melamine, lacquered wood, or glass options, allows you to achieve the desired effect in the space.<\/p>\n<p>The shape of the metal legs evokes the profile of a branch, complementing the clean geometry of the tabletop. The tabletop can also be personalized with luxurious gold, corten steel, or bronze-colored metals. The combination of the eucalyptus support surface with bronze legs or with a shade grey base and glass tabletop is ideal and creates an extremely elegant effect.<\/p>","protected":false},"excerpt":{"rendered":"<p>Tek bir masa, bir\u00e7ok farkl\u0131 ya\u015fam tarz\u0131: Eight, ya\u015fam ve konaklama alanlar\u0131na uyum sa\u011flayacak \u015fekilde \u00f6zelle\u015ftirilebilir kaplama se\u00e7eneklerine sahiptir.Metal tabla, beyaz, karaa\u011fa\u00e7, okalipt\u00fcs ve ceviz tonlar\u0131nda melamin, lake ah\u015fap veya cam se\u00e7enekleriyle, mekanda istenen etkiyi elde etmenizi sa\u011flar. Metal ayaklar\u0131n \u015fekli, bir dal\u0131n profilini \u00e7a\u011fr\u0131\u015ft\u0131r\u0131r ve bu profil, tablan\u0131n net geometrisine uyum sa\u011flar. Tabla, l\u00fcks [&hellip;]<\/p>","protected":false},"featured_media":1139,"template":"","meta":{"_acf_changed":false},"product_brand":[],"product_cat":[30],"product_tag":[],"class_list":{"0":"post-1138","1":"product","2":"type-product","3":"status-publish","4":"has-post-thumbnail","6":"product_cat-masalar","8":"first","9":"instock","10":"shipping-taxable","11":"purchasable","12":"product-type-simple"},"acf":[],"_links":{"self":[{"href":"https:\/\/kavela.furniture\/en\/wp-json\/wp\/v2\/product\/1138","targetHints":{"allow":["GET"]}}],"collection":[{"href":"https:\/\/kavela.furniture\/en\/wp-json\/wp\/v2\/product"}],"about":[{"href":"https:\/\/kavela.furniture\/en\/wp-json\/wp\/v2\/types\/product"}],"wp:featuredmedia":[{"embeddable":true,"href":"https:\/\/kavela.furniture\/en\/wp-json\/wp\/v2\/media\/1139"}],"wp:attachment":[{"href":"https:\/\/kavela.furniture\/en\/wp-json\/wp\/v2\/media?parent=1138"}],"wp:term":[{"taxonomy":"product_brand","embeddable":true,"href":"https:\/\/kavela.furniture\/en\/wp-json\/wp\/v2\/product_brand?post=1138"},{"taxonomy":"product_cat","embeddable":true,"href":"https:\/\/kavela.furniture\/en\/wp-json\/wp\/v2\/product_cat?post=1138"},{"taxonomy":"product_tag","embeddable":true,"href":"https:\/\/kavela.furniture\/en\/wp-json\/wp\/v2\/product_tag?post=1138"}],"curies":[{"name":"wp","href":"https:\/\/api.w.org\/{rel}","templated":true}]}}