{"id":1140,"date":"2025-11-18T18:04:11","date_gmt":"2025-11-18T18:04:11","guid":{"rendered":"https:\/\/kavela.furniture\/product\/nine-masa\/"},"modified":"2026-02-05T17:19:45","modified_gmt":"2026-02-05T17:19:45","slug":"nine-masa","status":"publish","type":"product","link":"https:\/\/kavela.furniture\/en\/product\/nine-masa\/","title":{"rendered":"Grandma"},"content":{"rendered":"<p>Nine is the archetype of the shared table: perfect for a dining room, tasting area, or a space dedicated to hospitality.<br \/>Available in grey elm, ebony, and American walnut, the precious veneered wood tabletop gives the table an inviting look and complements the matte (white and shadow grey) or metallic (gold, corten or bronze) tones of the legs.<\/p>\n<p>In addition to the materials and finishes, another element that makes the Nine even more elegant is the processing of the legs, which are made of folded sheet metal consisting of open and closed profiles, according to a special production technique examined together with the product designers.<br \/>The presence of wood, combined with such a unique carving on the legs, enhances the table&#039;s elegance and makes it a distinctive interpreter of the room&#039;s style.<\/p>","protected":false},"excerpt":{"rendered":"<p>Nine, payla\u015f\u0131ml\u0131 masan\u0131n arketipi: yemek odas\u0131, tad\u0131m alan\u0131 veya misafirperverli\u011fe ayr\u0131lm\u0131\u015f bir alan i\u00e7in m\u00fckemmel.Gri karaa\u011fa\u00e7, abanoz ve Amerikan cevizi se\u00e7enekleriyle sunulan de\u011ferli kaplamal\u0131 ah\u015fap \u00fcst tabla, masaya davetkar bir g\u00f6r\u00fcn\u00fcm kazand\u0131r\u0131r ve ayaklar\u0131n mat tonlar\u0131 (beyaz ve g\u00f6lge grisi) veya metal tonlar\u0131 (alt\u0131n, korten veya bronz) ile uyumludur. Malzeme ve kaplamalar\u0131n yan\u0131 s\u0131ra, Nine&#8217;\u0131 [&hellip;]<\/p>","protected":false},"featured_media":1141,"template":"","meta":{"_acf_changed":false},"product_brand":[],"product_cat":[30],"product_tag":[],"class_list":{"0":"post-1140","1":"product","2":"type-product","3":"status-publish","4":"has-post-thumbnail","6":"product_cat-masalar","8":"first","9":"instock","10":"shipping-taxable","11":"purchasable","12":"product-type-simple"},"acf":[],"_links":{"self":[{"href":"https:\/\/kavela.furniture\/en\/wp-json\/wp\/v2\/product\/1140","targetHints":{"allow":["GET"]}}],"collection":[{"href":"https:\/\/kavela.furniture\/en\/wp-json\/wp\/v2\/product"}],"about":[{"href":"https:\/\/kavela.furniture\/en\/wp-json\/wp\/v2\/types\/product"}],"wp:featuredmedia":[{"embeddable":true,"href":"https:\/\/kavela.furniture\/en\/wp-json\/wp\/v2\/media\/1141"}],"wp:attachment":[{"href":"https:\/\/kavela.furniture\/en\/wp-json\/wp\/v2\/media?parent=1140"}],"wp:term":[{"taxonomy":"product_brand","embeddable":true,"href":"https:\/\/kavela.furniture\/en\/wp-json\/wp\/v2\/product_brand?post=1140"},{"taxonomy":"product_cat","embeddable":true,"href":"https:\/\/kavela.furniture\/en\/wp-json\/wp\/v2\/product_cat?post=1140"},{"taxonomy":"product_tag","embeddable":true,"href":"https:\/\/kavela.furniture\/en\/wp-json\/wp\/v2\/product_tag?post=1140"}],"curies":[{"name":"wp","href":"https:\/\/api.w.org\/{rel}","templated":true}]}}