{"id":1156,"date":"2025-11-18T18:04:13","date_gmt":"2025-11-18T18:04:13","guid":{"rendered":"https:\/\/kavela.furniture\/product\/screen-akustik-panel\/"},"modified":"2026-02-05T17:19:47","modified_gmt":"2026-02-05T17:19:47","slug":"screen-akustik-panel","status":"publish","type":"product","link":"https:\/\/kavela.furniture\/en\/product\/screen-akustik-panel\/","title":{"rendered":"Screen"},"content":{"rendered":"<p>The panels in the Screen collection are the perfect companions for shared workstations. These panels, which can be placed either in front or to the side between two desks, provide maximum concentration and privacy by visually and acoustically isolating the person sitting at the desk.<\/p>\n<p>The display collection is manufactured from thermoformed polyester and regular polyester technical materials, with fabric or lacquer coatings as needed. Colors are customizable: for example, a monochrome color or a transition between two or more tones can be created to produce a dynamic effect in an open space.<\/p>\n<p>The display panel is also available in a larger, high-wall format to completely separate one station from another and create private areas in a shared environment. This solution allows you to completely isolate your workstation or create your own personal office while still communicating freely and easily with others.<\/p>","protected":false},"excerpt":{"rendered":"<p>Screen koleksiyonunun panelleri, payla\u015f\u0131ml\u0131 \u00e7al\u0131\u015fma istasyonlar\u0131n\u0131n en iyi yard\u0131mc\u0131lar\u0131d\u0131r. Bir masa ile di\u011feri aras\u0131na hem \u00f6n hem de yan konumda yerle\u015ftirilebilen bu paneller, masada oturan ki\u015fiyi hem g\u00f6rsel hem de akustik olarak izole ederek maksimum konsantrasyon ve mahremiyet sa\u011flar. Ekran koleksiyonu, ihtiyaca g\u00f6re kuma\u015f veya lake kaplamal\u0131, termoform polyester ve normal polyester teknik malzemelerden \u00fcretilmi\u015ftir. [&hellip;]<\/p>","protected":false},"featured_media":1157,"template":"","meta":{"_acf_changed":false},"product_brand":[],"product_cat":[15],"product_tag":[],"class_list":{"0":"post-1156","1":"product","2":"type-product","3":"status-publish","4":"has-post-thumbnail","6":"product_cat-uncategorized","8":"first","9":"instock","10":"shipping-taxable","11":"purchasable","12":"product-type-simple"},"acf":[],"_links":{"self":[{"href":"https:\/\/kavela.furniture\/en\/wp-json\/wp\/v2\/product\/1156","targetHints":{"allow":["GET"]}}],"collection":[{"href":"https:\/\/kavela.furniture\/en\/wp-json\/wp\/v2\/product"}],"about":[{"href":"https:\/\/kavela.furniture\/en\/wp-json\/wp\/v2\/types\/product"}],"wp:featuredmedia":[{"embeddable":true,"href":"https:\/\/kavela.furniture\/en\/wp-json\/wp\/v2\/media\/1157"}],"wp:attachment":[{"href":"https:\/\/kavela.furniture\/en\/wp-json\/wp\/v2\/media?parent=1156"}],"wp:term":[{"taxonomy":"product_brand","embeddable":true,"href":"https:\/\/kavela.furniture\/en\/wp-json\/wp\/v2\/product_brand?post=1156"},{"taxonomy":"product_cat","embeddable":true,"href":"https:\/\/kavela.furniture\/en\/wp-json\/wp\/v2\/product_cat?post=1156"},{"taxonomy":"product_tag","embeddable":true,"href":"https:\/\/kavela.furniture\/en\/wp-json\/wp\/v2\/product_tag?post=1156"}],"curies":[{"name":"wp","href":"https:\/\/api.w.org\/{rel}","templated":true}]}}