{"id":1158,"date":"2025-11-18T18:04:13","date_gmt":"2025-11-18T18:04:13","guid":{"rendered":"https:\/\/kavela.furniture\/product\/floor-petal-akustik-panel\/"},"modified":"2026-02-05T17:19:48","modified_gmt":"2026-02-05T17:19:48","slug":"floor-petal-akustik-panel","status":"publish","type":"product","link":"https:\/\/kavela.furniture\/en\/product\/floor-petal-akustik-panel\/","title":{"rendered":"Floor Petal"},"content":{"rendered":"<p>Floor Petal&#039;s defining feature is its combination of functionality and furniture: a composition of petal-shaped, sound-absorbing panels integrated into a freestanding structure.<br \/>Floor Petal is a branch of the Lightsound series, designed by Moreno De Giorgio as a tool for acoustic comfort and a unique furniture solution for open spaces, residential environments, educational or catering rooms.<\/p>\n<p>Floor Petal&#039;s primary function is to improve listening quality, interpersonal relationships, and acoustic comfort by reducing reverberation in shared spaces where noises amplify and overlap.<\/p>\n<p>The panels can be customized in different colors, as their unique sensory design satisfies both hearing and sight.<\/p>","protected":false},"excerpt":{"rendered":"<p>Floor Petal&#8217;\u0131n temel \u00f6zelli\u011fi, i\u015flevsellik ve mobilyay\u0131 bir araya getirmektir: serbest duran bir yap\u0131 \u00fczerine entegre edilmi\u015f, ta\u00e7 yapra\u011f\u0131 \u015feklindeki ses emici panellerden olu\u015fan bir kompozisyon.Floor Petal, tasar\u0131mc\u0131 Moreno De Giorgio taraf\u0131ndan akustik konfor i\u00e7in bir ara\u00e7 ve a\u00e7\u0131k alanlar, konaklama ortamlar\u0131, e\u011fitim veya ikram ama\u00e7l\u0131 odalar i\u00e7in \u00f6zg\u00fcn bir mobilya \u00e7\u00f6z\u00fcm\u00fc olarak tasarlanan Lightsound [&hellip;]<\/p>","protected":false},"featured_media":1159,"template":"","meta":{"_acf_changed":false},"product_brand":[],"product_cat":[15],"product_tag":[],"class_list":{"0":"post-1158","1":"product","2":"type-product","3":"status-publish","4":"has-post-thumbnail","6":"product_cat-uncategorized","8":"first","9":"instock","10":"shipping-taxable","11":"purchasable","12":"product-type-simple"},"acf":[],"_links":{"self":[{"href":"https:\/\/kavela.furniture\/en\/wp-json\/wp\/v2\/product\/1158","targetHints":{"allow":["GET"]}}],"collection":[{"href":"https:\/\/kavela.furniture\/en\/wp-json\/wp\/v2\/product"}],"about":[{"href":"https:\/\/kavela.furniture\/en\/wp-json\/wp\/v2\/types\/product"}],"wp:featuredmedia":[{"embeddable":true,"href":"https:\/\/kavela.furniture\/en\/wp-json\/wp\/v2\/media\/1159"}],"wp:attachment":[{"href":"https:\/\/kavela.furniture\/en\/wp-json\/wp\/v2\/media?parent=1158"}],"wp:term":[{"taxonomy":"product_brand","embeddable":true,"href":"https:\/\/kavela.furniture\/en\/wp-json\/wp\/v2\/product_brand?post=1158"},{"taxonomy":"product_cat","embeddable":true,"href":"https:\/\/kavela.furniture\/en\/wp-json\/wp\/v2\/product_cat?post=1158"},{"taxonomy":"product_tag","embeddable":true,"href":"https:\/\/kavela.furniture\/en\/wp-json\/wp\/v2\/product_tag?post=1158"}],"curies":[{"name":"wp","href":"https:\/\/api.w.org\/{rel}","templated":true}]}}