{"id":1166,"date":"2025-11-18T18:04:25","date_gmt":"2025-11-18T18:04:25","guid":{"rendered":"https:\/\/kavela.furniture\/product\/x-change-ofis-bolme-sistemi\/"},"modified":"2026-02-05T17:19:49","modified_gmt":"2026-02-05T17:19:49","slug":"x-change-ofis-bolme-sistemi","status":"publish","type":"product","link":"https:\/\/kavela.furniture\/en\/product\/x-change-ofis-bolme-sistemi\/","title":{"rendered":"X-Change"},"content":{"rendered":"<p>X-Change sound booths are transforming into multifunctional spaces in line with the evolving needs of the business world regarding the modulation of spaces.<\/p>\n<p>Single stations or\u4f11\u606f areas? Both: The cabins can be customized to suit needs and, thanks to their sound-absorbing structures and inviting interiors, can also be dedicated to meetings and brainstorming.<br \/>X-Change is also available in a single-station version with LED lighting and electrical outlets. Entrance windows are also available in a translucent version to offer an alternative for those who need more privacy.<\/p>\n<p>Thanks to a modular system that allows you to design spaces of varying sizes and surface areas, the booths can be custom-made in terms of both structure and aesthetics: from 1m x 1m to 3m x 4m in width. Vocal booths come with all the comforts: sound-absorbing walls that guarantee privacy, a screen-controlled ventilation system for air exchange, and LED lights to illuminate the workstations. They can also be equipped with electrical outlets, shelves, and support surfaces to make work more functional and facilitate concentration.<\/p>\n<p>The X-Change series brings refined style and character to any workplace: from handles for the entrance to furniture accessories, and the choice of colors for interiors and profiles.<\/p>","protected":false},"excerpt":{"rendered":"<p>X-Change ses kabinleri, i\u015f d\u00fcnyas\u0131n\u0131n mekanlar\u0131n mod\u00fclasyonuna ili\u015fkin yenilenen ihtiya\u00e7lar\u0131 do\u011frultusunda \u00e7ok i\u015flevli mekanlara d\u00f6n\u00fc\u015f\u00fcyor. Tek istasyonlar m\u0131 yoksa dinlenme alanlar\u0131 m\u0131? Her ikisi de: Kabinler ihtiya\u00e7lara g\u00f6re \u00f6zelle\u015ftirilebilir ve ses emici yap\u0131lar\u0131 ve davetkar i\u00e7 mekanlar\u0131 sayesinde toplant\u0131lara ve beyin f\u0131rt\u0131nas\u0131na da ayr\u0131labilir.X-Change ayr\u0131ca LED ayd\u0131nlatma sistemi ve elektrik prizleriyle tek istasyonlu versiyonda da [&hellip;]<\/p>","protected":false},"featured_media":1167,"template":"","meta":{"_acf_changed":false},"product_brand":[],"product_cat":[15],"product_tag":[],"class_list":{"0":"post-1166","1":"product","2":"type-product","3":"status-publish","4":"has-post-thumbnail","6":"product_cat-uncategorized","8":"first","9":"instock","10":"shipping-taxable","11":"purchasable","12":"product-type-simple"},"acf":[],"_links":{"self":[{"href":"https:\/\/kavela.furniture\/en\/wp-json\/wp\/v2\/product\/1166","targetHints":{"allow":["GET"]}}],"collection":[{"href":"https:\/\/kavela.furniture\/en\/wp-json\/wp\/v2\/product"}],"about":[{"href":"https:\/\/kavela.furniture\/en\/wp-json\/wp\/v2\/types\/product"}],"wp:featuredmedia":[{"embeddable":true,"href":"https:\/\/kavela.furniture\/en\/wp-json\/wp\/v2\/media\/1167"}],"wp:attachment":[{"href":"https:\/\/kavela.furniture\/en\/wp-json\/wp\/v2\/media?parent=1166"}],"wp:term":[{"taxonomy":"product_brand","embeddable":true,"href":"https:\/\/kavela.furniture\/en\/wp-json\/wp\/v2\/product_brand?post=1166"},{"taxonomy":"product_cat","embeddable":true,"href":"https:\/\/kavela.furniture\/en\/wp-json\/wp\/v2\/product_cat?post=1166"},{"taxonomy":"product_tag","embeddable":true,"href":"https:\/\/kavela.furniture\/en\/wp-json\/wp\/v2\/product_tag?post=1166"}],"curies":[{"name":"wp","href":"https:\/\/api.w.org\/{rel}","templated":true}]}}