{"id":1168,"date":"2025-11-18T18:04:29","date_gmt":"2025-11-18T18:04:29","guid":{"rendered":"https:\/\/kavela.furniture\/product\/s1-ofis-bolme-sistemi\/"},"modified":"2026-02-05T17:19:50","modified_gmt":"2026-02-05T17:19:50","slug":"s1-ofis-bolme-sistemi","status":"publish","type":"product","link":"https:\/\/kavela.furniture\/en\/product\/s1-ofis-bolme-sistemi\/","title":{"rendered":"S1"},"content":{"rendered":"<p>More than just a wall: S1 is a multifunctional furniture system that combines different partition walls in blind or glazed solutions, creating an organized, accessible and livable space.<\/p>\n<p>Sliding door locks on the walls guarantee a perfect and tight fit between the doors, as well as smooth opening and closing.<\/p>\n<p>To integrate consistently into target environments, the S1 wall can be articulated with different solutions and clad in a wide range of colors and materials, from glass to wood to melamine, thus adapting to operational and common areas, as well as executive areas with the use of more corporate and elegant finishes.<\/p>\n<p>Furthermore, to ensure a rational, organized, and optimized arrangement of objects and documents, the S1 can be used with a range of functional accessories such as shelves, file holders, drawers, storage areas, and hangers.<\/p>","protected":false},"excerpt":{"rendered":"<p>Donan\u0131ml\u0131 bir duvardan \u00e7ok daha fazlas\u0131: S1, farkl\u0131 b\u00f6lme duvarlar\u0131n\u0131 k\u00f6r veya caml\u0131 \u00e7\u00f6z\u00fcmlerde birle\u015ftiren, organize, eri\u015filebilir ve ya\u015fanabilir \u00e7ok i\u015flevli bir mobilya sistemidir. Duvarlardaki s\u00fcrg\u00fcl\u00fc kap\u0131 kilitleri, kap\u0131lar aras\u0131nda m\u00fckemmel ve s\u0131k\u0131 bir bulu\u015fman\u0131n yan\u0131 s\u0131ra yumu\u015fak a\u00e7\u0131l\u0131p kapanmay\u0131 garanti eder. Hedef ortamlara tutarl\u0131 bir \u015fekilde entegre olmak i\u00e7in, S1 duvar\u0131 farkl\u0131 \u00e7\u00f6z\u00fcmlerle eklemlenebilir [&hellip;]<\/p>","protected":false},"featured_media":1169,"template":"","meta":{"_acf_changed":false},"product_brand":[],"product_cat":[15],"product_tag":[],"class_list":{"0":"post-1168","1":"product","2":"type-product","3":"status-publish","4":"has-post-thumbnail","6":"product_cat-uncategorized","8":"first","9":"instock","10":"shipping-taxable","11":"purchasable","12":"product-type-simple"},"acf":[],"_links":{"self":[{"href":"https:\/\/kavela.furniture\/en\/wp-json\/wp\/v2\/product\/1168","targetHints":{"allow":["GET"]}}],"collection":[{"href":"https:\/\/kavela.furniture\/en\/wp-json\/wp\/v2\/product"}],"about":[{"href":"https:\/\/kavela.furniture\/en\/wp-json\/wp\/v2\/types\/product"}],"wp:featuredmedia":[{"embeddable":true,"href":"https:\/\/kavela.furniture\/en\/wp-json\/wp\/v2\/media\/1169"}],"wp:attachment":[{"href":"https:\/\/kavela.furniture\/en\/wp-json\/wp\/v2\/media?parent=1168"}],"wp:term":[{"taxonomy":"product_brand","embeddable":true,"href":"https:\/\/kavela.furniture\/en\/wp-json\/wp\/v2\/product_brand?post=1168"},{"taxonomy":"product_cat","embeddable":true,"href":"https:\/\/kavela.furniture\/en\/wp-json\/wp\/v2\/product_cat?post=1168"},{"taxonomy":"product_tag","embeddable":true,"href":"https:\/\/kavela.furniture\/en\/wp-json\/wp\/v2\/product_tag?post=1168"}],"curies":[{"name":"wp","href":"https:\/\/api.w.org\/{rel}","templated":true}]}}