{"id":1170,"date":"2025-11-18T18:04:33","date_gmt":"2025-11-18T18:04:33","guid":{"rendered":"https:\/\/kavela.furniture\/product\/p1-ofis-bolme-sistemi\/"},"modified":"2026-02-05T17:19:53","modified_gmt":"2026-02-05T17:19:53","slug":"p1-ofis-bolme-sistemi","status":"publish","type":"product","link":"https:\/\/kavela.furniture\/en\/product\/p1-ofis-bolme-sistemi\/","title":{"rendered":"P1"},"content":{"rendered":"<p>P1 is a series of partition walls with customizable surfaces and modular compositions, perfect for offices and other public spaces.<br \/>P1 components are designed to arrange glass and shutter sections according to needs, and aim to manage the entry of natural light to provide continuity of vision in the space and promote visual well-being.<\/p>\n<p>From the minimalist door handles to the sound-absorbing panels and technical modules for interior spaces, every detail contributes to the elegance and functionality of this solution.<br \/>One of the available configurations is wood panels: a customizable and modular system with various finishes, including melamine, and can be paired with furniture and shelving in many configurations as part of a larger composition.<\/p>\n<p>To meet the specific needs of public settings, the P1 can also be integrated with speaker modules or sliding doors to protect privacy and guarantee safety in contact with people.<br \/>Furthermore, the P1 can be equipped with a Venetian shutter to conceal rooms and create a separate space when needed.<\/p>","protected":false},"excerpt":{"rendered":"<p>P1, ofisler ve di\u011fer kamusal alanlar i\u00e7in m\u00fckemmel, \u00f6zelle\u015ftirilebilir y\u00fczeyler ve mod\u00fcler kompozisyonlara sahip bir b\u00f6lme duvar serisidir.P1 bile\u015fenleri, cam ve panjur b\u00f6l\u00fcmlerini ihtiya\u00e7lara g\u00f6re d\u00fczenlemek i\u00e7in tasarlanm\u0131\u015ft\u0131r ve mekanda bak\u0131\u015fa s\u00fcreklilik kazand\u0131rmak ve g\u00f6rsel refah\u0131 te\u015fvik etmek i\u00e7in do\u011fal \u0131\u015f\u0131\u011f\u0131n giri\u015fini y\u00f6netmeyi ama\u00e7lamaktad\u0131r. Giri\u015flerin minimal kulplar\u0131ndan i\u00e7 mekanlar i\u00e7in ses emici panellere ve teknik [&hellip;]<\/p>","protected":false},"featured_media":1171,"template":"","meta":{"_acf_changed":false},"product_brand":[],"product_cat":[15],"product_tag":[],"class_list":{"0":"post-1170","1":"product","2":"type-product","3":"status-publish","4":"has-post-thumbnail","6":"product_cat-uncategorized","8":"first","9":"instock","10":"shipping-taxable","11":"purchasable","12":"product-type-simple"},"acf":[],"_links":{"self":[{"href":"https:\/\/kavela.furniture\/en\/wp-json\/wp\/v2\/product\/1170","targetHints":{"allow":["GET"]}}],"collection":[{"href":"https:\/\/kavela.furniture\/en\/wp-json\/wp\/v2\/product"}],"about":[{"href":"https:\/\/kavela.furniture\/en\/wp-json\/wp\/v2\/types\/product"}],"wp:featuredmedia":[{"embeddable":true,"href":"https:\/\/kavela.furniture\/en\/wp-json\/wp\/v2\/media\/1171"}],"wp:attachment":[{"href":"https:\/\/kavela.furniture\/en\/wp-json\/wp\/v2\/media?parent=1170"}],"wp:term":[{"taxonomy":"product_brand","embeddable":true,"href":"https:\/\/kavela.furniture\/en\/wp-json\/wp\/v2\/product_brand?post=1170"},{"taxonomy":"product_cat","embeddable":true,"href":"https:\/\/kavela.furniture\/en\/wp-json\/wp\/v2\/product_cat?post=1170"},{"taxonomy":"product_tag","embeddable":true,"href":"https:\/\/kavela.furniture\/en\/wp-json\/wp\/v2\/product_tag?post=1170"}],"curies":[{"name":"wp","href":"https:\/\/api.w.org\/{rel}","templated":true}]}}