{"id":1172,"date":"2025-11-18T18:04:34","date_gmt":"2025-11-18T18:04:34","guid":{"rendered":"https:\/\/kavela.furniture\/product\/m3-ofis-bolme-sistemi\/"},"modified":"2026-02-05T17:19:55","modified_gmt":"2026-02-05T17:19:55","slug":"m3-ofis-bolme-sistemi","status":"publish","type":"product","link":"https:\/\/kavela.furniture\/en\/product\/m3-ofis-bolme-sistemi\/","title":{"rendered":"M3"},"content":{"rendered":"<p>The partition wall consists of a structure made of thin vertical supports and single glazed panels to give the rooms an airy and harmonious effect.<\/p>\n<p>By alternating vertical partitions, doors, wardrobes, and partition panels with corresponding glass walls and shutter modules, it creates a refined interplay of solid and empty elements that mark the space with lightness and minimalism.<\/p>\n<p>The wall profiles are available in wood, elm, and American walnut to create an elegant dialogue between the transparency of glass and the warmth of wood: the ideal solution for representative spaces.<\/p>\n<p>Thanks to the combinations between the system&#039;s nodes, the M3 wall can delimit very large areas with different uses and encourages creativity. This solution integrates discreetly into environments with great ease.<\/p>","protected":false},"excerpt":{"rendered":"<p>B\u00f6lme duvar\u0131, odalara havadar ve uyumlu bir etki vermek i\u00e7in ince dikmeler ve tek cam levhalardan olu\u015fan bir yap\u0131dan olu\u015fur. Dikey b\u00f6lmeler, kap\u0131lar, gard\u0131roplar ve b\u00f6lme panellerinin kar\u015f\u0131l\u0131k geldi\u011fi cam duvarlar\u0131 ve panjur mod\u00fcllerini de\u011fi\u015ftirerek, alan\u0131 hafiflik ve minimalizmle i\u015faretleyen dolu ve bo\u015f elemanlar\u0131n rafine bir oyununu yarat\u0131r. Duvarlar\u0131n profilleri, cam\u0131n \u015feffafl\u0131\u011f\u0131 ile ah\u015fab\u0131n s\u0131cakl\u0131\u011f\u0131 [&hellip;]<\/p>","protected":false},"featured_media":1173,"template":"","meta":{"_acf_changed":false},"product_brand":[],"product_cat":[15],"product_tag":[],"class_list":{"0":"post-1172","1":"product","2":"type-product","3":"status-publish","4":"has-post-thumbnail","6":"product_cat-uncategorized","8":"first","9":"instock","10":"shipping-taxable","11":"purchasable","12":"product-type-simple"},"acf":[],"_links":{"self":[{"href":"https:\/\/kavela.furniture\/en\/wp-json\/wp\/v2\/product\/1172","targetHints":{"allow":["GET"]}}],"collection":[{"href":"https:\/\/kavela.furniture\/en\/wp-json\/wp\/v2\/product"}],"about":[{"href":"https:\/\/kavela.furniture\/en\/wp-json\/wp\/v2\/types\/product"}],"wp:featuredmedia":[{"embeddable":true,"href":"https:\/\/kavela.furniture\/en\/wp-json\/wp\/v2\/media\/1173"}],"wp:attachment":[{"href":"https:\/\/kavela.furniture\/en\/wp-json\/wp\/v2\/media?parent=1172"}],"wp:term":[{"taxonomy":"product_brand","embeddable":true,"href":"https:\/\/kavela.furniture\/en\/wp-json\/wp\/v2\/product_brand?post=1172"},{"taxonomy":"product_cat","embeddable":true,"href":"https:\/\/kavela.furniture\/en\/wp-json\/wp\/v2\/product_cat?post=1172"},{"taxonomy":"product_tag","embeddable":true,"href":"https:\/\/kavela.furniture\/en\/wp-json\/wp\/v2\/product_tag?post=1172"}],"curies":[{"name":"wp","href":"https:\/\/api.w.org\/{rel}","templated":true}]}}