{"id":1174,"date":"2025-11-18T18:04:38","date_gmt":"2025-11-18T18:04:38","guid":{"rendered":"https:\/\/kavela.furniture\/product\/m2-ofis-bolme-sistemi\/"},"modified":"2026-02-05T17:19:55","modified_gmt":"2026-02-05T17:19:55","slug":"m2-ofis-bolme-sistemi","status":"publish","type":"product","link":"https:\/\/kavela.furniture\/en\/product\/m2-ofis-bolme-sistemi\/","title":{"rendered":"M2"},"content":{"rendered":"<p>M2 is an excellent vertical partitioning system for designing autonomous operational and guided zones in open spaces or other shared areas.<br \/>The design is compatible with other products in the XW series and offers acoustic performance thanks to its double-glazed panels, which are ideal for limiting varying working environments in terms of hearing health.<\/p>\n<p>The partition structure is robust and lightweight, and is equipped with panels that can be glass or blinds, and can be customized with different surfaces.<br \/>To offer greater privacy and customize the M2 partition system to match the office&#039;s style, it&#039;s possible to coat the glass with a translucent film available in three shades: champagne, white, and smoke grey.<\/p>\n<p>Two, three, and four-way connections, combined with partition modules that can be integrated for any configuration, offer unparalleled design freedom and simplify the M2&#039;s installation in diverse contexts.<\/p>","protected":false},"excerpt":{"rendered":"<p>M2, a\u00e7\u0131k alanlarda veya di\u011fer payla\u015f\u0131ml\u0131 alanlarda otonom operasyonel ve y\u00f6nlendirmeli alanlar tasarlamak i\u00e7in m\u00fckemmel bir dikey b\u00f6lme sistemidir.Yap\u0131, XW serisinin di\u011fer \u00fcr\u00fcnleriyle uyumludur ve i\u015fitme sa\u011fl\u0131\u011f\u0131 ad\u0131na farkl\u0131 boyutlardaki \u00e7al\u0131\u015fma ortamlar\u0131n\u0131 s\u0131n\u0131rlamak i\u00e7in ideal olan \u00e7ift cam levha sayesinde akustik a\u00e7\u0131dan performans g\u00f6stermektedir. B\u00f6lme yap\u0131s\u0131 sa\u011flam ve hafiftir ve cam veya jaluzi olabilen, farkl\u0131 [&hellip;]<\/p>","protected":false},"featured_media":1175,"template":"","meta":{"_acf_changed":false},"product_brand":[],"product_cat":[15],"product_tag":[],"class_list":{"0":"post-1174","1":"product","2":"type-product","3":"status-publish","4":"has-post-thumbnail","6":"product_cat-uncategorized","8":"first","9":"instock","10":"shipping-taxable","11":"purchasable","12":"product-type-simple"},"acf":[],"_links":{"self":[{"href":"https:\/\/kavela.furniture\/en\/wp-json\/wp\/v2\/product\/1174","targetHints":{"allow":["GET"]}}],"collection":[{"href":"https:\/\/kavela.furniture\/en\/wp-json\/wp\/v2\/product"}],"about":[{"href":"https:\/\/kavela.furniture\/en\/wp-json\/wp\/v2\/types\/product"}],"wp:featuredmedia":[{"embeddable":true,"href":"https:\/\/kavela.furniture\/en\/wp-json\/wp\/v2\/media\/1175"}],"wp:attachment":[{"href":"https:\/\/kavela.furniture\/en\/wp-json\/wp\/v2\/media?parent=1174"}],"wp:term":[{"taxonomy":"product_brand","embeddable":true,"href":"https:\/\/kavela.furniture\/en\/wp-json\/wp\/v2\/product_brand?post=1174"},{"taxonomy":"product_cat","embeddable":true,"href":"https:\/\/kavela.furniture\/en\/wp-json\/wp\/v2\/product_cat?post=1174"},{"taxonomy":"product_tag","embeddable":true,"href":"https:\/\/kavela.furniture\/en\/wp-json\/wp\/v2\/product_tag?post=1174"}],"curies":[{"name":"wp","href":"https:\/\/api.w.org\/{rel}","templated":true}]}}