{"id":1178,"date":"2025-11-18T18:04:43","date_gmt":"2025-11-18T18:04:43","guid":{"rendered":"https:\/\/kavela.furniture\/product\/storage-dolap\/"},"modified":"2026-02-05T17:19:56","modified_gmt":"2026-02-05T17:19:56","slug":"storage-dolap","status":"publish","type":"product","link":"https:\/\/kavela.furniture\/en\/product\/storage-dolap\/","title":{"rendered":"Storage"},"content":{"rendered":"<p>In this cabinet series, details, finishes, and technical solutions are prioritized. Different heights are available with hinged or sliding doors to meet the needs of all spaces and tastes.<\/p>\n<p>Cabinet locks, customizable down to the smallest details such as feet and handles, can be finished in melamine, lacquer, or veneered wood depending on their intended use.<\/p>\n<p>For example, melamine and lacquered wood versions are considered for operational and meeting areas, while more refined veneer wood veneer is suitable for representative and executive areas.<\/p>\n<p>To give the spaces a more modern style, the sides and top are also available in metal to create a dynamic contrast between the materials.<\/p>","protected":false},"excerpt":{"rendered":"<p>Bu dolap serisinde detaylar, kaplamalar ve teknik \u00e7\u00f6z\u00fcmler \u00f6n plandad\u0131r. Her t\u00fcrl\u00fc alan ve zevk gereksinimini kar\u015f\u0131lamak i\u00e7in mente\u015feli veya s\u00fcrg\u00fcl\u00fc kap\u0131larla farkl\u0131 y\u00fckseklikler mevcuttur. Ayaklar ve kulplar gibi en k\u00fc\u00e7\u00fck detaylarda bile \u00f6zelle\u015ftirilebilir olan dolap kilitleri, kullan\u0131m amac\u0131na ba\u011fl\u0131 olarak melamin, lake veya kaplama ah\u015fapla kaplanabilir. \u00d6rne\u011fin melamin ve lake ah\u015fap versiyonlar\u0131, operasyonel ve [&hellip;]<\/p>","protected":false},"featured_media":1179,"template":"","meta":{"_acf_changed":false},"product_brand":[],"product_cat":[37],"product_tag":[],"class_list":{"0":"post-1178","1":"product","2":"type-product","3":"status-publish","4":"has-post-thumbnail","6":"product_cat-depolama","8":"first","9":"instock","10":"shipping-taxable","11":"purchasable","12":"product-type-simple"},"acf":[],"_links":{"self":[{"href":"https:\/\/kavela.furniture\/en\/wp-json\/wp\/v2\/product\/1178","targetHints":{"allow":["GET"]}}],"collection":[{"href":"https:\/\/kavela.furniture\/en\/wp-json\/wp\/v2\/product"}],"about":[{"href":"https:\/\/kavela.furniture\/en\/wp-json\/wp\/v2\/types\/product"}],"wp:featuredmedia":[{"embeddable":true,"href":"https:\/\/kavela.furniture\/en\/wp-json\/wp\/v2\/media\/1179"}],"wp:attachment":[{"href":"https:\/\/kavela.furniture\/en\/wp-json\/wp\/v2\/media?parent=1178"}],"wp:term":[{"taxonomy":"product_brand","embeddable":true,"href":"https:\/\/kavela.furniture\/en\/wp-json\/wp\/v2\/product_brand?post=1178"},{"taxonomy":"product_cat","embeddable":true,"href":"https:\/\/kavela.furniture\/en\/wp-json\/wp\/v2\/product_cat?post=1178"},{"taxonomy":"product_tag","embeddable":true,"href":"https:\/\/kavela.furniture\/en\/wp-json\/wp\/v2\/product_tag?post=1178"}],"curies":[{"name":"wp","href":"https:\/\/api.w.org\/{rel}","templated":true}]}}