{"id":1180,"date":"2025-11-18T18:04:44","date_gmt":"2025-11-18T18:04:44","guid":{"rendered":"https:\/\/kavela.furniture\/product\/lockers-dolap\/"},"modified":"2026-02-05T17:19:57","modified_gmt":"2026-02-05T17:19:57","slug":"lockers-dolap","status":"publish","type":"product","link":"https:\/\/kavela.furniture\/en\/product\/lockers-dolap\/","title":{"rendered":"Lockers"},"content":{"rendered":"<p>Lockers, whether located at the entrance of an office or public space, or in a private area, are an ideal solution for storing personal belongings securely and neatly.<br \/>It is equipped with a key lock or a magnetic mechanism, allowing opening and closing to be regulated via a special card.<\/p>\n<p>They are geometric and discreet, can be combined in different configurations, and can be arranged vertically to optimize space, or create more horizontally structured configurations that also function as a piece of furniture.<\/p>\n<p>The door coverings are available in numerous colors of lacquer or melamine versions to ensure this service furniture blends seamlessly with the overall concept of the arrival setting.<\/p>","protected":false},"excerpt":{"rendered":"<p>Bir ofisin veya kamusal alan\u0131n giri\u015finde veya \u00f6zel bir alanda konumland\u0131r\u0131lan dolaplar, ki\u015fisel e\u015fyalar\u0131 g\u00fcvenli ve d\u00fczenli bir \u015fekilde saklamak i\u00e7in ideal bir \u00e7\u00f6z\u00fcmd\u00fcr.Anahtarl\u0131 bir kilit veya manyetik bir mekanizma ile donat\u0131lm\u0131\u015ft\u0131r, bu sayede a\u00e7ma ve kapama \u00f6zel bir kart arac\u0131l\u0131\u011f\u0131yla d\u00fczenlenir. Geometrik ve gizlidirler, farkl\u0131 konfig\u00fcrasyonlarda birle\u015ftirilebilirler ve alan\u0131 optimize etmek i\u00e7in dikey olarak [&hellip;]<\/p>","protected":false},"featured_media":1181,"template":"","meta":{"_acf_changed":false},"product_brand":[],"product_cat":[37],"product_tag":[],"class_list":{"0":"post-1180","1":"product","2":"type-product","3":"status-publish","4":"has-post-thumbnail","6":"product_cat-depolama","8":"first","9":"instock","10":"shipping-taxable","11":"purchasable","12":"product-type-simple"},"acf":[],"_links":{"self":[{"href":"https:\/\/kavela.furniture\/en\/wp-json\/wp\/v2\/product\/1180","targetHints":{"allow":["GET"]}}],"collection":[{"href":"https:\/\/kavela.furniture\/en\/wp-json\/wp\/v2\/product"}],"about":[{"href":"https:\/\/kavela.furniture\/en\/wp-json\/wp\/v2\/types\/product"}],"wp:featuredmedia":[{"embeddable":true,"href":"https:\/\/kavela.furniture\/en\/wp-json\/wp\/v2\/media\/1181"}],"wp:attachment":[{"href":"https:\/\/kavela.furniture\/en\/wp-json\/wp\/v2\/media?parent=1180"}],"wp:term":[{"taxonomy":"product_brand","embeddable":true,"href":"https:\/\/kavela.furniture\/en\/wp-json\/wp\/v2\/product_brand?post=1180"},{"taxonomy":"product_cat","embeddable":true,"href":"https:\/\/kavela.furniture\/en\/wp-json\/wp\/v2\/product_cat?post=1180"},{"taxonomy":"product_tag","embeddable":true,"href":"https:\/\/kavela.furniture\/en\/wp-json\/wp\/v2\/product_tag?post=1180"}],"curies":[{"name":"wp","href":"https:\/\/api.w.org\/{rel}","templated":true}]}}