{"id":1182,"date":"2025-11-18T18:04:45","date_gmt":"2025-11-18T18:04:45","guid":{"rendered":"https:\/\/kavela.furniture\/product\/libreria-kitaplik-2\/"},"modified":"2026-02-05T17:19:57","modified_gmt":"2026-02-05T17:19:57","slug":"libreria-kitaplik-2","status":"publish","type":"product","link":"https:\/\/kavela.furniture\/en\/product\/libreria-kitaplik-2\/","title":{"rendered":"Libreria"},"content":{"rendered":"<p>In this bookshelf collection, design and architecture come together in a single modular structure, therefore it is available in different sizes to meet the needs of large or small spaces.<\/p>\n<p>Perfect for study rooms, private offices, waiting rooms, and even relaxation areas, the bookcase is available in natural or lacquered wood. In this case, you can choose from 23 colors in the catalog for complete personalization.<\/p>\n<p>The bookcase is equipped with melamine or lacquered doors to close off some sections and a small ladder with hooks to reach the upper shelves.<\/p>","protected":false},"excerpt":{"rendered":"<p>Kitapl\u0131k koleksiyonunda tasar\u0131m ve mimari, mod\u00fcler tek bir yap\u0131da bir araya geliyor, bu nedenle b\u00fcy\u00fck veya k\u00fc\u00e7\u00fck alanlar\u0131n ihtiyac\u0131n\u0131 kar\u015f\u0131lamak i\u00e7in farkl\u0131 boyutlarda mevcut. \u00c7al\u0131\u015fma odas\u0131, \u00f6zel ofis, bekleme odalar\u0131 ve hatta dinlenme alanlar\u0131 i\u00e7in m\u00fckemmel olan kitapl\u0131k, do\u011fal veya lake ah\u015faptan mevcuttur. Bu durumda, tam bir ki\u015fiselle\u015ftirme i\u00e7in katalogda yer alan 23 renk aras\u0131ndan [&hellip;]<\/p>","protected":false},"featured_media":1183,"template":"","meta":{"_acf_changed":false},"product_brand":[],"product_cat":[37],"product_tag":[],"class_list":{"0":"post-1182","1":"product","2":"type-product","3":"status-publish","4":"has-post-thumbnail","6":"product_cat-depolama","8":"first","9":"instock","10":"shipping-taxable","11":"purchasable","12":"product-type-simple"},"acf":[],"_links":{"self":[{"href":"https:\/\/kavela.furniture\/en\/wp-json\/wp\/v2\/product\/1182","targetHints":{"allow":["GET"]}}],"collection":[{"href":"https:\/\/kavela.furniture\/en\/wp-json\/wp\/v2\/product"}],"about":[{"href":"https:\/\/kavela.furniture\/en\/wp-json\/wp\/v2\/types\/product"}],"wp:featuredmedia":[{"embeddable":true,"href":"https:\/\/kavela.furniture\/en\/wp-json\/wp\/v2\/media\/1183"}],"wp:attachment":[{"href":"https:\/\/kavela.furniture\/en\/wp-json\/wp\/v2\/media?parent=1182"}],"wp:term":[{"taxonomy":"product_brand","embeddable":true,"href":"https:\/\/kavela.furniture\/en\/wp-json\/wp\/v2\/product_brand?post=1182"},{"taxonomy":"product_cat","embeddable":true,"href":"https:\/\/kavela.furniture\/en\/wp-json\/wp\/v2\/product_cat?post=1182"},{"taxonomy":"product_tag","embeddable":true,"href":"https:\/\/kavela.furniture\/en\/wp-json\/wp\/v2\/product_tag?post=1182"}],"curies":[{"name":"wp","href":"https:\/\/api.w.org\/{rel}","templated":true}]}}