{"id":1186,"date":"2025-11-18T18:04:50","date_gmt":"2025-11-18T18:04:50","guid":{"rendered":"https:\/\/kavela.furniture\/product\/zefiro-dolap\/"},"modified":"2026-02-05T17:19:58","modified_gmt":"2026-02-05T17:19:58","slug":"zefiro-dolap","status":"publish","type":"product","link":"https:\/\/kavela.furniture\/en\/product\/zefiro-dolap\/","title":{"rendered":"Zefiro"},"content":{"rendered":"<p>Zefiro is an open bookshelf with a minimalist and lightweight design thanks to its profiles being only 18 mm thick, including the support surfaces.<\/p>\n<p>Its slim and delicate lines make it suitable for basic and refined settings in medium and large sizes. Zefiro is offered in three versions \u2013 basic, maxi, and super \u2013 to adapt to different contexts and can be customized in every detail.<\/p>\n<p>For the edges and tops, you can choose between lacquered wood and melamine, while the legs are available in many versions, including conical and rectangular.<\/p>\n<p>Upon request, Zefiro can be fitted with custom-made doors made of glass to create a consistent and homogeneous overall effect, cuoietto leather for a light atmosphere, wood veneer, or the same existing finishes for surfaces and edges.<\/p>","protected":false},"excerpt":{"rendered":"<p>Zefiro, destek y\u00fczeyleri dahil olmak \u00fczere sadece 18 mm kal\u0131nl\u0131\u011f\u0131ndaki profiller sayesinde minimal ve hafif bir tasar\u0131ma sahip a\u00e7\u0131k bir kitapl\u0131kt\u0131r. \u0130nce ve narin \u00e7izgileri, orta ve b\u00fcy\u00fck boyuttaki temel ve rafine ortamlar i\u00e7in uygun hale getirir. Zefiro, farkl\u0131 ba\u011flamlara uyum sa\u011flamak i\u00e7in temel, maksi ve s\u00fcper olmak \u00fczere \u00fc\u00e7 versiyonda sunulmaktad\u0131r ve her ayr\u0131nt\u0131da [&hellip;]<\/p>","protected":false},"featured_media":1187,"template":"","meta":{"_acf_changed":false},"product_brand":[],"product_cat":[37],"product_tag":[],"class_list":{"0":"post-1186","1":"product","2":"type-product","3":"status-publish","4":"has-post-thumbnail","6":"product_cat-depolama","8":"first","9":"instock","10":"shipping-taxable","11":"purchasable","12":"product-type-simple"},"acf":[],"_links":{"self":[{"href":"https:\/\/kavela.furniture\/en\/wp-json\/wp\/v2\/product\/1186","targetHints":{"allow":["GET"]}}],"collection":[{"href":"https:\/\/kavela.furniture\/en\/wp-json\/wp\/v2\/product"}],"about":[{"href":"https:\/\/kavela.furniture\/en\/wp-json\/wp\/v2\/types\/product"}],"wp:featuredmedia":[{"embeddable":true,"href":"https:\/\/kavela.furniture\/en\/wp-json\/wp\/v2\/media\/1187"}],"wp:attachment":[{"href":"https:\/\/kavela.furniture\/en\/wp-json\/wp\/v2\/media?parent=1186"}],"wp:term":[{"taxonomy":"product_brand","embeddable":true,"href":"https:\/\/kavela.furniture\/en\/wp-json\/wp\/v2\/product_brand?post=1186"},{"taxonomy":"product_cat","embeddable":true,"href":"https:\/\/kavela.furniture\/en\/wp-json\/wp\/v2\/product_cat?post=1186"},{"taxonomy":"product_tag","embeddable":true,"href":"https:\/\/kavela.furniture\/en\/wp-json\/wp\/v2\/product_tag?post=1186"}],"curies":[{"name":"wp","href":"https:\/\/api.w.org\/{rel}","templated":true}]}}