{"id":1188,"date":"2025-11-18T18:04:51","date_gmt":"2025-11-18T18:04:51","guid":{"rendered":"https:\/\/kavela.furniture\/product\/reception-glass-banko\/"},"modified":"2026-02-05T17:19:58","modified_gmt":"2026-02-05T17:19:58","slug":"reception-glass-banko","status":"publish","type":"product","link":"https:\/\/kavela.furniture\/en\/product\/reception-glass-banko\/","title":{"rendered":"Reception Glass"},"content":{"rendered":"<p>Soft and curved shapes embrace a warm welcome, and rounded lines complement straight geometries to define reception and workspaces.<br \/>The reception glass is the essence of functionality: the configuration of the elements can be selected according to aesthetic taste and operational requirements.<br \/>The shape, compositions, dimensions, and finishes adapt to workspaces and requirements; the addition of long and low modules leads to a wide range of customization options.<\/p>\n<p>Molded work surfaces create a second working level in addition to the glass reception module. Completed with cable loops, these surfaces ensure organized and efficient work.<\/p>","protected":false},"excerpt":{"rendered":"<p>Yumu\u015fak ve k\u0131vr\u0131ml\u0131 \u015fekiller s\u0131cak bir kar\u015f\u0131lamayla sar\u0131l\u0131r ve yuvarlak \u00e7izgiler resepsiyon ve \u00e7al\u0131\u015fma alanlar\u0131n\u0131 tan\u0131mlamak i\u00e7in d\u00fcz geometrilere e\u015flik eder.Resepsiyon Cam\u0131 i\u015flevselli\u011fin \u00f6z\u00fcd\u00fcr: elemanlar\u0131n konfig\u00fcrasyonu estetik zevke ve \u00e7al\u0131\u015fma gereksinimlerine g\u00f6re se\u00e7ilebilir.\u015eekil, kompozisyonlar, boyutlar ve kaplamalar a\u00e7\u0131s\u0131ndan \u00e7al\u0131\u015fma alanlar\u0131na ve gereksinimlere uyum sa\u011flar; uzun ve al\u00e7ak mod\u00fcllerin eklenmesi kapsaml\u0131 bir \u00f6zelle\u015ftirme se\u00e7ene\u011fi yelpazesine yol [&hellip;]<\/p>","protected":false},"featured_media":1189,"template":"","meta":{"_acf_changed":false},"product_brand":[],"product_cat":[15],"product_tag":[],"class_list":{"0":"post-1188","1":"product","2":"type-product","3":"status-publish","4":"has-post-thumbnail","6":"product_cat-uncategorized","8":"first","9":"instock","10":"shipping-taxable","11":"purchasable","12":"product-type-simple"},"acf":[],"_links":{"self":[{"href":"https:\/\/kavela.furniture\/en\/wp-json\/wp\/v2\/product\/1188","targetHints":{"allow":["GET"]}}],"collection":[{"href":"https:\/\/kavela.furniture\/en\/wp-json\/wp\/v2\/product"}],"about":[{"href":"https:\/\/kavela.furniture\/en\/wp-json\/wp\/v2\/types\/product"}],"wp:featuredmedia":[{"embeddable":true,"href":"https:\/\/kavela.furniture\/en\/wp-json\/wp\/v2\/media\/1189"}],"wp:attachment":[{"href":"https:\/\/kavela.furniture\/en\/wp-json\/wp\/v2\/media?parent=1188"}],"wp:term":[{"taxonomy":"product_brand","embeddable":true,"href":"https:\/\/kavela.furniture\/en\/wp-json\/wp\/v2\/product_brand?post=1188"},{"taxonomy":"product_cat","embeddable":true,"href":"https:\/\/kavela.furniture\/en\/wp-json\/wp\/v2\/product_cat?post=1188"},{"taxonomy":"product_tag","embeddable":true,"href":"https:\/\/kavela.furniture\/en\/wp-json\/wp\/v2\/product_tag?post=1188"}],"curies":[{"name":"wp","href":"https:\/\/api.w.org\/{rel}","templated":true}]}}