{"id":1190,"date":"2025-11-18T18:04:52","date_gmt":"2025-11-18T18:04:52","guid":{"rendered":"https:\/\/kavela.furniture\/product\/z2-banko\/"},"modified":"2026-02-05T17:19:59","modified_gmt":"2026-02-05T17:19:59","slug":"z2-banko","status":"publish","type":"product","link":"https:\/\/kavela.furniture\/en\/product\/z2-banko\/","title":{"rendered":"Z2"},"content":{"rendered":"<p>Z2 Reception features a basic design that guarantees both operational efficiency and a warm welcome for visitors.<br \/>Its modular system allows for complete customization: thanks to the meticulous design of vertical and horizontal elements, it adapts to available spaces and operational and reception requirements.<br \/>A highly impactful aesthetic effect can be created by pairing different finishes, such as two-tone compositions, with lacquer, melamine, or leather modules, which enhances the reception design and structure as a whole.<\/p>\n<p>LED lighting complements the Z2 Reception, highlighting shapes and elegantly defining surroundings. Cables and plugs are concealed by practical cable channels, guaranteeing order and cleanliness.<\/p>","protected":false},"excerpt":{"rendered":"<p>Z2 Resepsiyonu, hem operasyonel verimlili\u011fi hem de ziyaret\u00e7iler i\u00e7in s\u0131cak bir kar\u015f\u0131lamay\u0131 garanti eden temel bir tasar\u0131ma sahiptir.Mod\u00fcler sistemi, tam \u00f6zelle\u015ftirmeye olanak tan\u0131r: dikey ve yatay elemanlar\u0131n titiz tasar\u0131m\u0131 sayesinde mevcut alanlara ve operasyonel ve resepsiyon gereksinimlerine uyum sa\u011flar.\u00c7ift renkli kompozisyon gibi farkl\u0131 kaplamalar\u0131n lake, melamin veya deri mod\u00fcllerle e\u015fle\u015ftirilmesiyle y\u00fcksek etkili bir estetik etki [&hellip;]<\/p>","protected":false},"featured_media":1191,"template":"","meta":{"_acf_changed":false},"product_brand":[],"product_cat":[45],"product_tag":[],"class_list":{"0":"post-1190","1":"product","2":"type-product","3":"status-publish","4":"has-post-thumbnail","6":"product_cat-bankolar","8":"first","9":"instock","10":"shipping-taxable","11":"purchasable","12":"product-type-simple"},"acf":[],"_links":{"self":[{"href":"https:\/\/kavela.furniture\/en\/wp-json\/wp\/v2\/product\/1190","targetHints":{"allow":["GET"]}}],"collection":[{"href":"https:\/\/kavela.furniture\/en\/wp-json\/wp\/v2\/product"}],"about":[{"href":"https:\/\/kavela.furniture\/en\/wp-json\/wp\/v2\/types\/product"}],"wp:featuredmedia":[{"embeddable":true,"href":"https:\/\/kavela.furniture\/en\/wp-json\/wp\/v2\/media\/1191"}],"wp:attachment":[{"href":"https:\/\/kavela.furniture\/en\/wp-json\/wp\/v2\/media?parent=1190"}],"wp:term":[{"taxonomy":"product_brand","embeddable":true,"href":"https:\/\/kavela.furniture\/en\/wp-json\/wp\/v2\/product_brand?post=1190"},{"taxonomy":"product_cat","embeddable":true,"href":"https:\/\/kavela.furniture\/en\/wp-json\/wp\/v2\/product_cat?post=1190"},{"taxonomy":"product_tag","embeddable":true,"href":"https:\/\/kavela.furniture\/en\/wp-json\/wp\/v2\/product_tag?post=1190"}],"curies":[{"name":"wp","href":"https:\/\/api.w.org\/{rel}","templated":true}]}}