{"id":1192,"date":"2025-11-18T18:04:53","date_gmt":"2025-11-18T18:04:53","guid":{"rendered":"https:\/\/kavela.furniture\/product\/z1-banko\/"},"modified":"2026-02-05T17:19:59","modified_gmt":"2026-02-05T17:19:59","slug":"z1-banko","status":"publish","type":"product","link":"https:\/\/kavela.furniture\/en\/product\/z1-banko\/","title":{"rendered":"Z1"},"content":{"rendered":"<p>Z1 Reception is characterized by meticulous and elegant lines that combine style and functionality in a modular product. Z1 evolves with impressive volumes furnished without being overwhelming.<\/p>\n<p>The spacious top and functional accessories make the Z1 an example of organization and practicality. Cable trays and cable access panels keep cables discreetly hidden, preserving the aesthetic appeal of the reception area.<br \/>Lighting is a key feature of the Z1: the rational geometry of the lines is highlighted by LED strips that define the intersecting modules and enhance the dialogue between the main bodies and the base. The LED lamps complete the composition, illuminating the interior and creating an inviting ambiance.<br \/>Thanks to the modularity of the product, the composition of Z1 elements adapts to different spatial and functional requirements. The structure is available in a lacquered finish with color options ranging from vibrant to neutral and pastel tones, soft and enveloping, thus adapting to different interiors.<\/p>","protected":false},"excerpt":{"rendered":"<p>Z1 Reception, mod\u00fcler bir \u00fcr\u00fcnde stil ve i\u015flevselli\u011fi birle\u015ftiren titiz ve zarif \u00e7izgilerle karakterize edilir. Z1, bask\u0131n olmadan d\u00f6\u015fenen etkileyici hacimlerle geli\u015fir. Geni\u015f \u00fcst k\u0131s\u0131m ve i\u015flevsel aksesuarlar, Z1&#8217;i d\u00fczen ve pratikli\u011fin bir \u00f6rne\u011fi haline getirir. Kablo tepsileri ve kablolara eri\u015fim kap\u0131lar\u0131, kablolar\u0131 gizlice gizleyerek resepsiyon alan\u0131n\u0131n estetik \u00e7ekicili\u011fini korur.Ayd\u0131nlatma, Z1&#8217;in temel bir \u00f6zelli\u011fidir: \u00e7izgilerin [&hellip;]<\/p>","protected":false},"featured_media":1193,"template":"","meta":{"_acf_changed":false},"product_brand":[],"product_cat":[45],"product_tag":[],"class_list":{"0":"post-1192","1":"product","2":"type-product","3":"status-publish","4":"has-post-thumbnail","6":"product_cat-bankolar","8":"first","9":"instock","10":"shipping-taxable","11":"purchasable","12":"product-type-simple"},"acf":[],"_links":{"self":[{"href":"https:\/\/kavela.furniture\/en\/wp-json\/wp\/v2\/product\/1192","targetHints":{"allow":["GET"]}}],"collection":[{"href":"https:\/\/kavela.furniture\/en\/wp-json\/wp\/v2\/product"}],"about":[{"href":"https:\/\/kavela.furniture\/en\/wp-json\/wp\/v2\/types\/product"}],"wp:featuredmedia":[{"embeddable":true,"href":"https:\/\/kavela.furniture\/en\/wp-json\/wp\/v2\/media\/1193"}],"wp:attachment":[{"href":"https:\/\/kavela.furniture\/en\/wp-json\/wp\/v2\/media?parent=1192"}],"wp:term":[{"taxonomy":"product_brand","embeddable":true,"href":"https:\/\/kavela.furniture\/en\/wp-json\/wp\/v2\/product_brand?post=1192"},{"taxonomy":"product_cat","embeddable":true,"href":"https:\/\/kavela.furniture\/en\/wp-json\/wp\/v2\/product_cat?post=1192"},{"taxonomy":"product_tag","embeddable":true,"href":"https:\/\/kavela.furniture\/en\/wp-json\/wp\/v2\/product_tag?post=1192"}],"curies":[{"name":"wp","href":"https:\/\/api.w.org\/{rel}","templated":true}]}}