{"id":1196,"date":"2025-11-18T18:04:54","date_gmt":"2025-11-18T18:04:54","guid":{"rendered":"https:\/\/kavela.furniture\/product\/armony-coklu-bekleme\/"},"modified":"2026-02-05T17:20:00","modified_gmt":"2026-02-05T17:20:00","slug":"armony-coklu-bekleme","status":"publish","type":"product","link":"https:\/\/kavela.furniture\/en\/product\/armony-coklu-bekleme\/","title":{"rendered":"Harmony"},"content":{"rendered":"<p>Armony is a modular system of beam sofas and small tables designed for comfortable waiting in business and hospitality settings.<br \/>Armony is the result of in-depth research to offer comfort and versatility: its polyurethane padding is soft and elastic, while the aluminum legs are sturdy and essential. Both the backrest and seat are adorned with visible stitching.<\/p>\n<p>Harmony is the fusion of matter and intention, supporting every project and intention, allowing it to be molded into ever-changing forms and compositions.<br \/>In fact, it&#039;s possible to choose between materials, surfaces, and accessories, and to integrate electrical outlets, a table, armrests, a backrest, and a side table into the structure.<br \/>There is no exact configuration, only the design it responds to.<\/p>","protected":false},"excerpt":{"rendered":"<p>Armony, i\u015f ve misafirperverlik alanlar\u0131nda keyifli bir \u015fekilde beklemek i\u00e7in tasarlanm\u0131\u015f, kiri\u015fli kanepeler ve k\u00fc\u00e7\u00fck masalardan olu\u015fan mod\u00fcler bir sistemdir.Armony, konfor ve \u00e7ok y\u00f6nl\u00fcl\u00fck sunan derinlemesine bir ara\u015ft\u0131rman\u0131n sonucudur: poli\u00fcretan dolgusu yumu\u015fak ve elastiktir, al\u00fcminyum ayaklar ise sa\u011flam ve olmazsa olmazd\u0131r. Hem s\u0131rtl\u0131k hem de oturma yeri g\u00f6r\u00fcn\u00fcr bir diki\u015fle s\u00fcslenmi\u015ftir. Armony, madde ve niyetin [&hellip;]<\/p>","protected":false},"featured_media":1197,"template":"","meta":{"_acf_changed":false},"product_brand":[],"product_cat":[38,39],"product_tag":[],"class_list":{"0":"post-1196","1":"product","2":"type-product","3":"status-publish","4":"has-post-thumbnail","6":"product_cat-kanepeler","7":"product_cat-koltuklar","9":"first","10":"instock","11":"shipping-taxable","12":"purchasable","13":"product-type-simple"},"acf":[],"_links":{"self":[{"href":"https:\/\/kavela.furniture\/en\/wp-json\/wp\/v2\/product\/1196","targetHints":{"allow":["GET"]}}],"collection":[{"href":"https:\/\/kavela.furniture\/en\/wp-json\/wp\/v2\/product"}],"about":[{"href":"https:\/\/kavela.furniture\/en\/wp-json\/wp\/v2\/types\/product"}],"wp:featuredmedia":[{"embeddable":true,"href":"https:\/\/kavela.furniture\/en\/wp-json\/wp\/v2\/media\/1197"}],"wp:attachment":[{"href":"https:\/\/kavela.furniture\/en\/wp-json\/wp\/v2\/media?parent=1196"}],"wp:term":[{"taxonomy":"product_brand","embeddable":true,"href":"https:\/\/kavela.furniture\/en\/wp-json\/wp\/v2\/product_brand?post=1196"},{"taxonomy":"product_cat","embeddable":true,"href":"https:\/\/kavela.furniture\/en\/wp-json\/wp\/v2\/product_cat?post=1196"},{"taxonomy":"product_tag","embeddable":true,"href":"https:\/\/kavela.furniture\/en\/wp-json\/wp\/v2\/product_tag?post=1196"}],"curies":[{"name":"wp","href":"https:\/\/api.w.org\/{rel}","templated":true}]}}