{"id":1198,"date":"2025-11-18T18:04:57","date_gmt":"2025-11-18T18:04:57","guid":{"rendered":"https:\/\/kavela.furniture\/product\/astro-e-astro-twist-coklu-bekleme\/"},"modified":"2026-02-05T17:20:00","modified_gmt":"2026-02-05T17:20:00","slug":"astro-e-astro-twist-coklu-bekleme","status":"publish","type":"product","link":"https:\/\/kavela.furniture\/en\/product\/astro-e-astro-twist-coklu-bekleme\/","title":{"rendered":"Astro e Astro Twist"},"content":{"rendered":"<p>The Astro and Astro Twist series consist of customizable seats that can be combined with each other via a linkage system, offering bespoke settings dedicated to hospitality, such as waiting rooms, hotel lobbies, rest areas in stations, airports, or co-working spaces.<\/p>\n<p>The modularity of the Astro series, initially created from a single piece, a sofa, and later reduced in the Twist version with more rounded and wrap-around shapes, makes it adaptable to furniture of different styles. Its strength lies in its versatility and the invitation to play with the almost endless possibilities it offers.<br \/>The Astro and Astro Twist collections are ideal for creating curved and soft compositions with two-tone combinations of poufs and coordinating tables for placing your personal belongings.<\/p>","protected":false},"excerpt":{"rendered":"<p>Astro ve Astro Twist serileri, \u00f6zelle\u015ftirilebilir ve bir ba\u011flant\u0131 sistemi arac\u0131l\u0131\u011f\u0131yla birbirleriyle birle\u015ftirilebilen koltuklardan olu\u015fur ve \u00f6rne\u011fin bekleme odalar\u0131, otel lobileri, istasyonlardaki dinlenme alanlar\u0131, havaalanlar\u0131 veya ortak \u00e7al\u0131\u015fma alanlar\u0131 gibi misafirperverli\u011fe adanm\u0131\u015f \u00f6zel ortamlar sunar. Astro serisinin mod\u00fclerli\u011fi, ba\u015flang\u0131\u00e7ta tek bir par\u00e7adan, bir kanepeden yarat\u0131lm\u0131\u015f ve daha sonra Twist versiyonunda daha yuvarlak ve sarmalay\u0131c\u0131 \u015fekillerle [&hellip;]<\/p>","protected":false},"featured_media":1199,"template":"","meta":{"_acf_changed":false},"product_brand":[],"product_cat":[38,39],"product_tag":[],"class_list":{"0":"post-1198","1":"product","2":"type-product","3":"status-publish","4":"has-post-thumbnail","6":"product_cat-kanepeler","7":"product_cat-koltuklar","9":"first","10":"instock","11":"shipping-taxable","12":"purchasable","13":"product-type-simple"},"acf":[],"_links":{"self":[{"href":"https:\/\/kavela.furniture\/en\/wp-json\/wp\/v2\/product\/1198","targetHints":{"allow":["GET"]}}],"collection":[{"href":"https:\/\/kavela.furniture\/en\/wp-json\/wp\/v2\/product"}],"about":[{"href":"https:\/\/kavela.furniture\/en\/wp-json\/wp\/v2\/types\/product"}],"wp:featuredmedia":[{"embeddable":true,"href":"https:\/\/kavela.furniture\/en\/wp-json\/wp\/v2\/media\/1199"}],"wp:attachment":[{"href":"https:\/\/kavela.furniture\/en\/wp-json\/wp\/v2\/media?parent=1198"}],"wp:term":[{"taxonomy":"product_brand","embeddable":true,"href":"https:\/\/kavela.furniture\/en\/wp-json\/wp\/v2\/product_brand?post=1198"},{"taxonomy":"product_cat","embeddable":true,"href":"https:\/\/kavela.furniture\/en\/wp-json\/wp\/v2\/product_cat?post=1198"},{"taxonomy":"product_tag","embeddable":true,"href":"https:\/\/kavela.furniture\/en\/wp-json\/wp\/v2\/product_tag?post=1198"}],"curies":[{"name":"wp","href":"https:\/\/api.w.org\/{rel}","templated":true}]}}