{"id":1202,"date":"2025-11-18T18:05:00","date_gmt":"2025-11-18T18:05:00","guid":{"rendered":"https:\/\/kavela.furniture\/product\/abbey-kanepe\/"},"modified":"2026-02-07T16:29:07","modified_gmt":"2026-02-07T16:29:07","slug":"abbey-kanepe","status":"publish","type":"product","link":"https:\/\/kavela.furniture\/en\/product\/abbey-kanepe\/","title":{"rendered":"Abbey"},"content":{"rendered":"<p>The Abbey range of armchairs, sofas, and ottomans is a hymn to softness and harmony between lines and colors. The shapes are curved and full, inviting you to play and use them spontaneously and unusually: you can sit, lie down, or lean back on the elements of the Abbey series, on the backrests and armrests, however you like.<\/p>\n<p>The chairs are available in armchair and sofa versions, along with pouf sets, and are ideal for contracted and residential spaces dedicated to sharing and relaxation.<br \/>\nEach piece in the Abbey series is enriched with hand-stitched, visible imperfections that are deliberately made to highlight the humane and warm side of the design this collection aims to represent.<\/p>","protected":false},"excerpt":{"rendered":"<p>Abbey koltuk, kanepe ve puf serisi, \u00e7izgiler ve renkler aras\u0131nda yumu\u015fakl\u0131k ve uyuma bir ilahidir. \u015eekiller k\u0131vr\u0131ml\u0131 ve dolgundur, sizi oynamaya ve bunlar\u0131 kendili\u011finden ve al\u0131\u015f\u0131lmad\u0131k bir \u015fekilde kullanmaya davet eder: Abbey serisinin elemanlar\u0131na, s\u0131rtl\u0131klara ve kol\u00e7aklara istedi\u011finiz \u015fekilde oturabilir, uzanabilir, yaslanabilirsiniz. Sandalyeler, puf tak\u0131mlar\u0131yla birlikte koltuk ve kanepe versiyonunda mevcuttur ve payla\u015f\u0131m ve rahatlamaya [&hellip;]<\/p>","protected":false},"featured_media":5821,"template":"","meta":{"_acf_changed":false},"product_brand":[],"product_cat":[38,39],"product_tag":[],"class_list":{"0":"post-1202","1":"product","2":"type-product","3":"status-publish","4":"has-post-thumbnail","6":"product_cat-kanepeler","7":"product_cat-koltuklar","9":"first","10":"instock","11":"shipping-taxable","12":"purchasable","13":"product-type-simple"},"acf":[],"_links":{"self":[{"href":"https:\/\/kavela.furniture\/en\/wp-json\/wp\/v2\/product\/1202","targetHints":{"allow":["GET"]}}],"collection":[{"href":"https:\/\/kavela.furniture\/en\/wp-json\/wp\/v2\/product"}],"about":[{"href":"https:\/\/kavela.furniture\/en\/wp-json\/wp\/v2\/types\/product"}],"wp:featuredmedia":[{"embeddable":true,"href":"https:\/\/kavela.furniture\/en\/wp-json\/wp\/v2\/media\/5821"}],"wp:attachment":[{"href":"https:\/\/kavela.furniture\/en\/wp-json\/wp\/v2\/media?parent=1202"}],"wp:term":[{"taxonomy":"product_brand","embeddable":true,"href":"https:\/\/kavela.furniture\/en\/wp-json\/wp\/v2\/product_brand?post=1202"},{"taxonomy":"product_cat","embeddable":true,"href":"https:\/\/kavela.furniture\/en\/wp-json\/wp\/v2\/product_cat?post=1202"},{"taxonomy":"product_tag","embeddable":true,"href":"https:\/\/kavela.furniture\/en\/wp-json\/wp\/v2\/product_tag?post=1202"}],"curies":[{"name":"wp","href":"https:\/\/api.w.org\/{rel}","templated":true}]}}