{"id":1204,"date":"2025-11-18T18:05:02","date_gmt":"2025-11-18T18:05:02","guid":{"rendered":"https:\/\/kavela.furniture\/product\/accord-kanepe\/"},"modified":"2026-02-07T16:28:15","modified_gmt":"2026-02-07T16:28:15","slug":"accord-kanepe","status":"publish","type":"product","link":"https:\/\/kavela.furniture\/en\/product\/accord-kanepe\/","title":{"rendered":"Accord"},"content":{"rendered":"<p>The Accord armchair and sofa series is perfect for environments dedicated to hospitality, thanks to its inviting aesthetic.<br \/>\nAccord chairs are available in high and low versions, equipped with features that make waiting, working, or chatting more enjoyable, such as desks, USB sockets, and magazine holders.<\/p>\n<p>The version with a particularly high back and sides is ideal for providing moments of privacy in open spaces, lounges, and other relaxation areas designed for hospitality and intimacy.<br \/>\nAccord creates a superior ecosystem of comfort and privacy and is available in a wide range of colors and finishes.<br \/>\nChoosing two-tone solutions makes it possible to add dynamism and freshness by customizing the outer part of the filling with a different color fabric or leather than the inner part.<\/p>","protected":false},"excerpt":{"rendered":"<p>Accord koltuk ve kanepe serisi, samimi esteti\u011fi sayesinde misafirperverli\u011fe adanm\u0131\u015f ortamlar i\u00e7in m\u00fckemmeldir. Accord sandalyeler, beklemeyi, \u00e7al\u0131\u015fmay\u0131 veya sohbet etmeyi daha keyifli hale getiren unsurlarla donat\u0131lm\u0131\u015f y\u00fcksek ve al\u00e7ak versiyonlarda mevcuttur, \u00f6rne\u011fin masalar, USB soketleri ve dergi tutucular. \u00d6zellikle y\u00fcksek s\u0131rtl\u0131kl\u0131 ve yanl\u0131 versiyon, a\u00e7\u0131k alanlarda, salonlarda ve misafirperverlik ve samimiyet i\u00e7in di\u011fer dinlenme alanlar\u0131nda [&hellip;]<\/p>","protected":false},"featured_media":5820,"template":"","meta":{"_acf_changed":false},"product_brand":[],"product_cat":[38,39],"product_tag":[],"class_list":{"0":"post-1204","1":"product","2":"type-product","3":"status-publish","4":"has-post-thumbnail","6":"product_cat-kanepeler","7":"product_cat-koltuklar","9":"first","10":"instock","11":"shipping-taxable","12":"purchasable","13":"product-type-simple"},"acf":[],"_links":{"self":[{"href":"https:\/\/kavela.furniture\/en\/wp-json\/wp\/v2\/product\/1204","targetHints":{"allow":["GET"]}}],"collection":[{"href":"https:\/\/kavela.furniture\/en\/wp-json\/wp\/v2\/product"}],"about":[{"href":"https:\/\/kavela.furniture\/en\/wp-json\/wp\/v2\/types\/product"}],"wp:featuredmedia":[{"embeddable":true,"href":"https:\/\/kavela.furniture\/en\/wp-json\/wp\/v2\/media\/5820"}],"wp:attachment":[{"href":"https:\/\/kavela.furniture\/en\/wp-json\/wp\/v2\/media?parent=1204"}],"wp:term":[{"taxonomy":"product_brand","embeddable":true,"href":"https:\/\/kavela.furniture\/en\/wp-json\/wp\/v2\/product_brand?post=1204"},{"taxonomy":"product_cat","embeddable":true,"href":"https:\/\/kavela.furniture\/en\/wp-json\/wp\/v2\/product_cat?post=1204"},{"taxonomy":"product_tag","embeddable":true,"href":"https:\/\/kavela.furniture\/en\/wp-json\/wp\/v2\/product_tag?post=1204"}],"curies":[{"name":"wp","href":"https:\/\/api.w.org\/{rel}","templated":true}]}}