{"id":1210,"date":"2025-11-18T18:10:34","date_gmt":"2025-11-18T18:10:34","guid":{"rendered":"https:\/\/kavela.furniture\/product\/arco-koltuk\/"},"modified":"2026-02-07T16:24:26","modified_gmt":"2026-02-07T16:24:26","slug":"arco-koltuk","status":"publish","type":"product","link":"https:\/\/kavela.furniture\/en\/product\/arco-koltuk\/","title":{"rendered":"Arco"},"content":{"rendered":"<p>The Arco series of armchairs and sofas reinterprets the principles of Scandinavian design, offering ideal furniture for both residential and contract environments, as well as for professional studios, waiting rooms, relaxation areas, and other corporate spaces.<\/p>\n<p>The perfect geometry of the square is softened by soft padding and tamed by the continuous shape of the legs, which also serve as armrests and give the series a square and inviting volume.<br \/>\nArco is an impressive collection that blends well with the rest of the furniture and enhances the character of the target space with its personality.<br \/>\nA wide range of materials and finishes in textures such as oak, walnut and umbra grey enhances the meticulous aesthetic of the Arco collection, adapting it to diverse aesthetic needs.<\/p>","protected":false},"excerpt":{"rendered":"<p>Arco serisinin koltuk ve kanepeleri, \u0130skandinav tasar\u0131m\u0131n\u0131n kurallar\u0131n\u0131 yeniden yorumluyor ve hem konut hem de s\u00f6zle\u015fmeli ortamlar i\u00e7in ideal mobilyalar, ayr\u0131ca profesyonel st\u00fcdyolar, bekleme odalar\u0131, dinlenme alanlar\u0131 ve di\u011fer kurumsal alanlar i\u00e7in de ideal mobilyalar. Karenin m\u00fckemmel geometrisi, yumu\u015fak dolgu ile yumu\u015fat\u0131l\u0131yor ve ayn\u0131 zamanda kol dayana\u011f\u0131 g\u00f6revi g\u00f6ren ve seriye kare ve davetkar bir [&hellip;]<\/p>","protected":false},"featured_media":5818,"template":"","meta":{"_acf_changed":false},"product_brand":[],"product_cat":[38,39],"product_tag":[],"class_list":{"0":"post-1210","1":"product","2":"type-product","3":"status-publish","4":"has-post-thumbnail","6":"product_cat-kanepeler","7":"product_cat-koltuklar","9":"first","10":"instock","11":"shipping-taxable","12":"purchasable","13":"product-type-simple"},"acf":[],"_links":{"self":[{"href":"https:\/\/kavela.furniture\/en\/wp-json\/wp\/v2\/product\/1210","targetHints":{"allow":["GET"]}}],"collection":[{"href":"https:\/\/kavela.furniture\/en\/wp-json\/wp\/v2\/product"}],"about":[{"href":"https:\/\/kavela.furniture\/en\/wp-json\/wp\/v2\/types\/product"}],"wp:featuredmedia":[{"embeddable":true,"href":"https:\/\/kavela.furniture\/en\/wp-json\/wp\/v2\/media\/5818"}],"wp:attachment":[{"href":"https:\/\/kavela.furniture\/en\/wp-json\/wp\/v2\/media?parent=1210"}],"wp:term":[{"taxonomy":"product_brand","embeddable":true,"href":"https:\/\/kavela.furniture\/en\/wp-json\/wp\/v2\/product_brand?post=1210"},{"taxonomy":"product_cat","embeddable":true,"href":"https:\/\/kavela.furniture\/en\/wp-json\/wp\/v2\/product_cat?post=1210"},{"taxonomy":"product_tag","embeddable":true,"href":"https:\/\/kavela.furniture\/en\/wp-json\/wp\/v2\/product_tag?post=1210"}],"curies":[{"name":"wp","href":"https:\/\/api.w.org\/{rel}","templated":true}]}}