{"id":1220,"date":"2025-11-18T18:10:47","date_gmt":"2025-11-18T18:10:47","guid":{"rendered":"https:\/\/kavela.furniture\/product\/close-cok-amacli-koltuk\/"},"modified":"2026-02-05T17:20:06","modified_gmt":"2026-02-05T17:20:06","slug":"close-cok-amacli-koltuk","status":"publish","type":"product","link":"https:\/\/kavela.furniture\/en\/product\/close-cok-amacli-koltuk\/","title":{"rendered":"Close"},"content":{"rendered":"<p>Close is a geometric and inviting armchair: ideal for conference rooms, canteens, coffee break areas and training rooms.<\/p>\n<p>Its simple and meticulous lines, along with its clean-cut aesthetic, also convey a distinct sense of personality.<\/p>\n<p>The generous size of the seat and back, providing correct posture support, guarantees comfort. The back, in particular, features a striped pattern with a dynamic surface that gently stimulates the back, adding an aesthetic detail to the seat and contributing to overall comfort.<\/p>","protected":false},"excerpt":{"rendered":"<p>Close geometrik ve davetkar bir koltuktur: konferans salonlar\u0131, kantinler, kahve molas\u0131 alanlar\u0131 ve e\u011fitim odalar\u0131 i\u00e7in idealdir. Basit ve titiz \u00e7izgileri, temiz kesimli esteti\u011fin yan\u0131 s\u0131ra belirgin bir ki\u015filik duygusu da verir. Do\u011fru duru\u015f deste\u011fi sa\u011flayan koltuk ve s\u0131rt\u0131n b\u00fcy\u00fck boyutu, konforu garanti eder. \u00d6zellikle s\u0131rt, koltu\u011fa estetik bir ayr\u0131nt\u0131 katan ve genel konfora katk\u0131da [&hellip;]<\/p>","protected":false},"featured_media":1221,"template":"","meta":{"_acf_changed":false},"product_brand":[],"product_cat":[39],"product_tag":[],"class_list":{"0":"post-1220","1":"product","2":"type-product","3":"status-publish","4":"has-post-thumbnail","6":"product_cat-koltuklar","8":"first","9":"instock","10":"shipping-taxable","11":"purchasable","12":"product-type-simple"},"acf":[],"_links":{"self":[{"href":"https:\/\/kavela.furniture\/en\/wp-json\/wp\/v2\/product\/1220","targetHints":{"allow":["GET"]}}],"collection":[{"href":"https:\/\/kavela.furniture\/en\/wp-json\/wp\/v2\/product"}],"about":[{"href":"https:\/\/kavela.furniture\/en\/wp-json\/wp\/v2\/types\/product"}],"wp:featuredmedia":[{"embeddable":true,"href":"https:\/\/kavela.furniture\/en\/wp-json\/wp\/v2\/media\/1221"}],"wp:attachment":[{"href":"https:\/\/kavela.furniture\/en\/wp-json\/wp\/v2\/media?parent=1220"}],"wp:term":[{"taxonomy":"product_brand","embeddable":true,"href":"https:\/\/kavela.furniture\/en\/wp-json\/wp\/v2\/product_brand?post=1220"},{"taxonomy":"product_cat","embeddable":true,"href":"https:\/\/kavela.furniture\/en\/wp-json\/wp\/v2\/product_cat?post=1220"},{"taxonomy":"product_tag","embeddable":true,"href":"https:\/\/kavela.furniture\/en\/wp-json\/wp\/v2\/product_tag?post=1220"}],"curies":[{"name":"wp","href":"https:\/\/api.w.org\/{rel}","templated":true}]}}