{"id":1228,"date":"2025-11-18T18:11:00","date_gmt":"2025-11-18T18:11:00","guid":{"rendered":"https:\/\/kavela.furniture\/product\/city-cok-amacli-koltuk\/"},"modified":"2026-02-05T17:20:07","modified_gmt":"2026-02-05T17:20:07","slug":"city-cok-amacli-koltuk","status":"publish","type":"product","link":"https:\/\/kavela.furniture\/en\/product\/city-cok-amacli-koltuk\/","title":{"rendered":"City"},"content":{"rendered":"<p>City is a sofa collection designed with inspiration from technical and aesthetic research, featuring slim profiles combined with soft and comfortable upholstery and various base options to suit any interior style.<\/p>\n<p>City is characterized by a tailored seating concept with curved lines and a balanced upholstery thickness that varies at different points in the structure, along with industrial finishes, enhancing user comfort while seated.<\/p>\n<p>The legs are available in metal or wood, with wheels or feet, in classic four-legged, sled, or spider-based versions, making it easy to move the chair.<\/p>\n<p>City provides superior comfort, and double stitching ensures optimum fabric tension for a highly effective aesthetic.<br \/>City is much more than just a seat for waiting areas or meeting rooms: it&#039;s a small masterpiece of Italian flair and design.<\/p>","protected":false},"excerpt":{"rendered":"<p>City, teknik ve estetik ara\u015ft\u0131rmalardan esinlenerek tasarlanm\u0131\u015f, yumu\u015fak ve rahat d\u00f6\u015feme ve her t\u00fcrl\u00fc i\u00e7 mekana uyum sa\u011flayan farkl\u0131 taban se\u00e7enekleriyle bir araya getirilmi\u015f ince profilleriyle \u00f6ne \u00e7\u0131kan bir koltuk koleksiyonudur. City, k\u0131vr\u0131ml\u0131 \u00e7izgilere ve yap\u0131n\u0131n \u00e7e\u015fitli noktalar\u0131nda de\u011fi\u015fen dengeli d\u00f6\u015feme kal\u0131nl\u0131\u011f\u0131na sahip bir koltuk i\u00e7in terzilik konsepti ve end\u00fcstriyel kaplamalarla karakterize edilir ve otururken [&hellip;]<\/p>","protected":false},"featured_media":1229,"template":"","meta":{"_acf_changed":false},"product_brand":[],"product_cat":[39],"product_tag":[],"class_list":{"0":"post-1228","1":"product","2":"type-product","3":"status-publish","4":"has-post-thumbnail","6":"product_cat-koltuklar","8":"first","9":"instock","10":"shipping-taxable","11":"purchasable","12":"product-type-simple"},"acf":[],"_links":{"self":[{"href":"https:\/\/kavela.furniture\/en\/wp-json\/wp\/v2\/product\/1228","targetHints":{"allow":["GET"]}}],"collection":[{"href":"https:\/\/kavela.furniture\/en\/wp-json\/wp\/v2\/product"}],"about":[{"href":"https:\/\/kavela.furniture\/en\/wp-json\/wp\/v2\/types\/product"}],"wp:featuredmedia":[{"embeddable":true,"href":"https:\/\/kavela.furniture\/en\/wp-json\/wp\/v2\/media\/1229"}],"wp:attachment":[{"href":"https:\/\/kavela.furniture\/en\/wp-json\/wp\/v2\/media?parent=1228"}],"wp:term":[{"taxonomy":"product_brand","embeddable":true,"href":"https:\/\/kavela.furniture\/en\/wp-json\/wp\/v2\/product_brand?post=1228"},{"taxonomy":"product_cat","embeddable":true,"href":"https:\/\/kavela.furniture\/en\/wp-json\/wp\/v2\/product_cat?post=1228"},{"taxonomy":"product_tag","embeddable":true,"href":"https:\/\/kavela.furniture\/en\/wp-json\/wp\/v2\/product_tag?post=1228"}],"curies":[{"name":"wp","href":"https:\/\/api.w.org\/{rel}","templated":true}]}}