{"id":1230,"date":"2025-11-18T18:11:02","date_gmt":"2025-11-18T18:11:02","guid":{"rendered":"https:\/\/kavela.furniture\/product\/diade-calisma-koltugu\/"},"modified":"2026-02-14T13:28:28","modified_gmt":"2026-02-14T13:28:28","slug":"diade-calisma-koltugu","status":"publish","type":"product","link":"https:\/\/kavela.furniture\/en\/product\/diade-calisma-koltugu\/","title":{"rendered":"Diade"},"content":{"rendered":"<p>With its comfortable seat and height and depth adjustments, the Diade is your best ally for well-being at work.<\/p>\n<p>Its unique ergonomic features make this chair perfect for all types of workstations, from executive and semi-executive to operational, while numerous customization options mean it can be incorporated into interiors with diverse styles and tastes.<\/p>\n<p>Diade is available in a long version with or without a headrest, and in a low version that adds elegance and personality to meeting rooms.<br \/>\nThe back is adorned with visible stitching, adding a dynamic touch, reflecting a distinctive style, and enhancing the details.<\/p>\n<p>Aesthetic harmony is evoked by slender armrests and soft edges that create an elegant and harmonious seat shape for a well-balanced aesthetic result.<\/p>","protected":false},"excerpt":{"rendered":"<p>Rahat koltu\u011fu ve y\u00fckseklik ve derinlik ayarlamalar\u0131 sayesinde Diade, i\u015fte esenlik i\u00e7in en iyi m\u00fcttefiktir. \u00d6zel ergonomik \u00f6zellikleri, bu koltu\u011fu y\u00f6netici ve yar\u0131 y\u00f6neticiden operasyonel olanlara kadar her t\u00fcrl\u00fc i\u015f istasyonu i\u00e7in m\u00fckemmel hale getirirken, \u00e7ok say\u0131da \u00f6zelle\u015ftirme se\u00e7ene\u011fi, farkl\u0131 stillere ve zevklere sahip i\u00e7 mekanlara eklenebilece\u011fi anlam\u0131na gelir. Diade, ba\u015f dayana\u011f\u0131 olan veya olmayan [&hellip;]<\/p>","protected":false},"featured_media":1231,"template":"","meta":{"_acf_changed":false},"product_brand":[],"product_cat":[40],"product_tag":[],"class_list":{"0":"post-1230","1":"product","2":"type-product","3":"status-publish","4":"has-post-thumbnail","6":"product_cat-calismakoltuklari","8":"first","9":"instock","10":"shipping-taxable","11":"purchasable","12":"product-type-simple"},"acf":[],"_links":{"self":[{"href":"https:\/\/kavela.furniture\/en\/wp-json\/wp\/v2\/product\/1230","targetHints":{"allow":["GET"]}}],"collection":[{"href":"https:\/\/kavela.furniture\/en\/wp-json\/wp\/v2\/product"}],"about":[{"href":"https:\/\/kavela.furniture\/en\/wp-json\/wp\/v2\/types\/product"}],"wp:featuredmedia":[{"embeddable":true,"href":"https:\/\/kavela.furniture\/en\/wp-json\/wp\/v2\/media\/1231"}],"wp:attachment":[{"href":"https:\/\/kavela.furniture\/en\/wp-json\/wp\/v2\/media?parent=1230"}],"wp:term":[{"taxonomy":"product_brand","embeddable":true,"href":"https:\/\/kavela.furniture\/en\/wp-json\/wp\/v2\/product_brand?post=1230"},{"taxonomy":"product_cat","embeddable":true,"href":"https:\/\/kavela.furniture\/en\/wp-json\/wp\/v2\/product_cat?post=1230"},{"taxonomy":"product_tag","embeddable":true,"href":"https:\/\/kavela.furniture\/en\/wp-json\/wp\/v2\/product_tag?post=1230"}],"curies":[{"name":"wp","href":"https:\/\/api.w.org\/{rel}","templated":true}]}}