{"id":1232,"date":"2025-11-18T18:11:03","date_gmt":"2025-11-18T18:11:03","guid":{"rendered":"https:\/\/kavela.furniture\/product\/dekora-calisma-koltugu\/"},"modified":"2026-02-14T13:39:48","modified_gmt":"2026-02-14T13:39:48","slug":"dekora-calisma-koltugu","status":"publish","type":"product","link":"https:\/\/kavela.furniture\/en\/product\/dekora-calisma-koltugu\/","title":{"rendered":"Decor"},"content":{"rendered":"<p>Distinctive lines, adjustable posture, and ergonomic upholstery: Dekora sets the standard for office chairs, providing a seamless response to diverse needs. This chair is designed to deliver superior comfort for each individual thanks to its adaptability and high-quality materials.<\/p>\n<p>Dekora is available in three versions: mesh, soft and plus, with a low or high back, and equipped with an original tubular insert that also serves as a handle for conveniently moving the chair. Its classic and clean-cut appearance makes it suitable for all environments, creating user-friendly interiors.<\/p>","protected":false},"excerpt":{"rendered":"<p>Belirgin \u00e7izgiler, ayarlanabilir duru\u015f ve ergonomik d\u00f6\u015feme: Dekora, farkl\u0131 gereksinimlere yan\u0131t olarak kusursuz bir kar\u015f\u0131lama sa\u011flayarak ofis koltuklar\u0131 i\u00e7in standartlar\u0131 belirler. Bu koltuk, uyarlanabilirli\u011fi ve malzeme kalitesi sayesinde her ki\u015fi i\u00e7in \u00fcst\u00fcn bir refah seviyesi sa\u011flamak \u00fczere tasarlanm\u0131\u015ft\u0131r. Dekora, \u00fc\u00e7 versiyonda mevcuttur: file, yumu\u015fak ve art\u0131, al\u00e7ak veya y\u00fcksek s\u0131rtl\u0131, sandalyeyi hareket ettirmek i\u00e7in kullan\u0131\u015fl\u0131 [&hellip;]<\/p>","protected":false},"featured_media":6314,"template":"","meta":{"_acf_changed":false},"product_brand":[],"product_cat":[40,41],"product_tag":[],"class_list":{"0":"post-1232","1":"product","2":"type-product","3":"status-publish","4":"has-post-thumbnail","6":"product_cat-calismakoltuklari","7":"product_cat-yoneticikoltuklari","9":"first","10":"instock","11":"shipping-taxable","12":"purchasable","13":"product-type-simple"},"acf":[],"_links":{"self":[{"href":"https:\/\/kavela.furniture\/en\/wp-json\/wp\/v2\/product\/1232","targetHints":{"allow":["GET"]}}],"collection":[{"href":"https:\/\/kavela.furniture\/en\/wp-json\/wp\/v2\/product"}],"about":[{"href":"https:\/\/kavela.furniture\/en\/wp-json\/wp\/v2\/types\/product"}],"wp:featuredmedia":[{"embeddable":true,"href":"https:\/\/kavela.furniture\/en\/wp-json\/wp\/v2\/media\/6314"}],"wp:attachment":[{"href":"https:\/\/kavela.furniture\/en\/wp-json\/wp\/v2\/media?parent=1232"}],"wp:term":[{"taxonomy":"product_brand","embeddable":true,"href":"https:\/\/kavela.furniture\/en\/wp-json\/wp\/v2\/product_brand?post=1232"},{"taxonomy":"product_cat","embeddable":true,"href":"https:\/\/kavela.furniture\/en\/wp-json\/wp\/v2\/product_cat?post=1232"},{"taxonomy":"product_tag","embeddable":true,"href":"https:\/\/kavela.furniture\/en\/wp-json\/wp\/v2\/product_tag?post=1232"}],"curies":[{"name":"wp","href":"https:\/\/api.w.org\/{rel}","templated":true}]}}