{"id":1238,"date":"2025-11-18T18:12:04","date_gmt":"2025-11-18T18:12:04","guid":{"rendered":"https:\/\/kavela.furniture\/product\/dinamica-and-dinamica-soft-calisma-koltugu\/"},"modified":"2026-02-14T13:36:16","modified_gmt":"2026-02-14T13:36:16","slug":"dinamica-and-dinamica-soft-calisma-koltugu","status":"publish","type":"product","link":"https:\/\/kavela.furniture\/en\/product\/dinamica-and-dinamica-soft-calisma-koltugu\/","title":{"rendered":"Dinamica and Dinamica Soft"},"content":{"rendered":"<p>Dinamica and Dinamica Soft chairs seamlessly combine performance and technology. Ergonomics, comfort, and minimalist aesthetics come together in the mesh and upholstered versions of this chair.<\/p>\n<p>Shape embraces performance to create a seat that provides durable, flawless shape and support for frequent and prolonged use, thanks to its monocoque specifically designed for these conditions.<\/p>\n<p>The minimalist design exudes a strong and distinctive character, notable for its contemporary foundation. The executive chair&#039;s traditional shape is reinterpreted with a more defined style, while the quilting adds a dynamic touch.<\/p>\n<p>The Dinamica Soft version catches the eye with its expertly finished, visible stitching that evokes a sense of artisanal finesse and manual attention to detail.<\/p>\n<p>The seating range can be customized with a wide variety of shades to suit every taste.<\/p>","protected":false},"excerpt":{"rendered":"<p>Dinamica ve Dinamica Soft koltuklar performans ve tekni\u011fi kusursuz bir \u015fekilde bir araya getiriyor. Ergonomi, konfor ve minimalist estetik, bu koltu\u011fun file ve d\u00f6\u015femeli versiyonlar\u0131nda bir araya geliyor. Shape, \u00f6zellikle bu t\u00fcr ko\u015fullar i\u00e7in tasarlanm\u0131\u015f, tasarlanm\u0131\u015f monokok sayesinde, s\u0131k ve uzun s\u00fcreli kullan\u0131mlarda dayan\u0131kl\u0131, kusursuz \u015fekil ve destek sa\u011flayan bir koltuk yaratmak i\u00e7in performans\u0131 kucakl\u0131yor. [&hellip;]<\/p>","protected":false},"featured_media":1239,"template":"","meta":{"_acf_changed":false},"product_brand":[],"product_cat":[40,41],"product_tag":[],"class_list":{"0":"post-1238","1":"product","2":"type-product","3":"status-publish","4":"has-post-thumbnail","6":"product_cat-calismakoltuklari","7":"product_cat-yoneticikoltuklari","9":"first","10":"instock","11":"shipping-taxable","12":"purchasable","13":"product-type-simple"},"acf":[],"_links":{"self":[{"href":"https:\/\/kavela.furniture\/en\/wp-json\/wp\/v2\/product\/1238","targetHints":{"allow":["GET"]}}],"collection":[{"href":"https:\/\/kavela.furniture\/en\/wp-json\/wp\/v2\/product"}],"about":[{"href":"https:\/\/kavela.furniture\/en\/wp-json\/wp\/v2\/types\/product"}],"wp:featuredmedia":[{"embeddable":true,"href":"https:\/\/kavela.furniture\/en\/wp-json\/wp\/v2\/media\/1239"}],"wp:attachment":[{"href":"https:\/\/kavela.furniture\/en\/wp-json\/wp\/v2\/media?parent=1238"}],"wp:term":[{"taxonomy":"product_brand","embeddable":true,"href":"https:\/\/kavela.furniture\/en\/wp-json\/wp\/v2\/product_brand?post=1238"},{"taxonomy":"product_cat","embeddable":true,"href":"https:\/\/kavela.furniture\/en\/wp-json\/wp\/v2\/product_cat?post=1238"},{"taxonomy":"product_tag","embeddable":true,"href":"https:\/\/kavela.furniture\/en\/wp-json\/wp\/v2\/product_tag?post=1238"}],"curies":[{"name":"wp","href":"https:\/\/api.w.org\/{rel}","templated":true}]}}