{"id":1240,"date":"2025-11-18T18:12:05","date_gmt":"2025-11-18T18:12:05","guid":{"rendered":"https:\/\/kavela.furniture\/product\/diesis-calisma-koltugu\/"},"modified":"2026-02-14T13:40:55","modified_gmt":"2026-02-14T13:40:55","slug":"diesis-calisma-koltugu","status":"publish","type":"product","link":"https:\/\/kavela.furniture\/en\/product\/diesis-calisma-koltugu\/","title":{"rendered":"Di\u00e8sis"},"content":{"rendered":"<p>The Di\u00e8sis executive chair reflects a fundamental personality and features an eco-friendly design, paired with a refined and curved aesthetic and enhanced with state-of-the-art structural features.<\/p>\n<p>Di\u00e8sis is available in three versions: a long one with headrest, a low one with a swivel base, and a visitor model. The long version of the Di\u00e8sis pairs perfectly with an executive desk: its ergonomic and soft backrest, upholstered in expanded cold polyurethane foam and aluminum arms that can be covered in leather, integrates seamlessly with the structure. The visitor version envelops guests in light and elegant comfort, making it a welcome addition to any meeting room.<\/p>\n<p>Material selection, a responsible production process, and attention to detail: Di\u00e8sis represents a universe of values in a simple and concise form, with customizable colours and finishes. Well-being and design come together in a quality product that exudes timeless harmony.<\/p>","protected":false},"excerpt":{"rendered":"<p>Y\u00f6netici koltu\u011fu Di\u00e8sis, temel bir ki\u015filik yans\u0131t\u0131r ve \u00e7evre dostu bir tasar\u0131ma sahiptir, rafine ve k\u0131vr\u0131ml\u0131 estetikle e\u015fle\u015ftirilmi\u015ftir ve son teknoloji \u00fcr\u00fcn\u00fc yap\u0131 \u00f6zellikleriyle geli\u015ftirilmi\u015ftir. Di\u00e8sis \u00fc\u00e7 versiyonda mevcuttur: ba\u015f dayanakl\u0131 uzun, d\u00f6ner tabanl\u0131 al\u00e7ak ve ziyaret\u00e7i modeli. Di\u00e8sis&#8217;in uzun koltuk versiyonu, bir y\u00f6netici masas\u0131yla m\u00fckemmel bir \u015fekilde e\u015fle\u015fir: geni\u015fletilmi\u015f so\u011fuk k\u00f6p\u00fck poli\u00fcretan ve deriyle [&hellip;]<\/p>","protected":false},"featured_media":6315,"template":"","meta":{"_acf_changed":false},"product_brand":[],"product_cat":[40,39,41],"product_tag":[],"class_list":{"0":"post-1240","1":"product","2":"type-product","3":"status-publish","4":"has-post-thumbnail","6":"product_cat-calismakoltuklari","7":"product_cat-koltuklar","8":"product_cat-yoneticikoltuklari","10":"first","11":"instock","12":"shipping-taxable","13":"purchasable","14":"product-type-simple"},"acf":[],"_links":{"self":[{"href":"https:\/\/kavela.furniture\/en\/wp-json\/wp\/v2\/product\/1240","targetHints":{"allow":["GET"]}}],"collection":[{"href":"https:\/\/kavela.furniture\/en\/wp-json\/wp\/v2\/product"}],"about":[{"href":"https:\/\/kavela.furniture\/en\/wp-json\/wp\/v2\/types\/product"}],"wp:featuredmedia":[{"embeddable":true,"href":"https:\/\/kavela.furniture\/en\/wp-json\/wp\/v2\/media\/6315"}],"wp:attachment":[{"href":"https:\/\/kavela.furniture\/en\/wp-json\/wp\/v2\/media?parent=1240"}],"wp:term":[{"taxonomy":"product_brand","embeddable":true,"href":"https:\/\/kavela.furniture\/en\/wp-json\/wp\/v2\/product_brand?post=1240"},{"taxonomy":"product_cat","embeddable":true,"href":"https:\/\/kavela.furniture\/en\/wp-json\/wp\/v2\/product_cat?post=1240"},{"taxonomy":"product_tag","embeddable":true,"href":"https:\/\/kavela.furniture\/en\/wp-json\/wp\/v2\/product_tag?post=1240"}],"curies":[{"name":"wp","href":"https:\/\/api.w.org\/{rel}","templated":true}]}}