{"id":1242,"date":"2025-11-18T18:12:05","date_gmt":"2025-11-18T18:12:05","guid":{"rendered":"https:\/\/kavela.furniture\/product\/diva-soft-calisma-koltugu\/"},"modified":"2026-02-14T13:31:44","modified_gmt":"2026-02-14T13:31:44","slug":"diva-soft-calisma-koltugu","status":"publish","type":"product","link":"https:\/\/kavela.furniture\/en\/product\/diva-soft-calisma-koltugu\/","title":{"rendered":"Diva Soft"},"content":{"rendered":"<p>Classic look and modern spirit: Diva Soft is the epitome of allure, further enhanced by its elegant executive chair and chrome steel finish.<\/p>\n<p>The chair base, offered in various versions, makes the seat adaptable to different environments while preserving all the appeal of the Diva Soft. For example, the sled model exudes a formal and elegant charm, making it ideal for meeting rooms, while the 5-arm wheeled base is designed for executive use.<\/p>\n<p>Every detail of the Diva Soft expresses the personality of this armchair. For example, the meticulous, linear armrests with chrome steel finish add light, uplifting, and reflective armchair colors to enhance the Diva Soft&#039;s personality in interior spaces. For a matte, soft, and majestic effect, the armrests can be upholstered in leather: a distinct caress you can feel with your hands, making this armchair truly unique.<\/p>","protected":false},"excerpt":{"rendered":"<p>Klasik g\u00f6r\u00fcn\u00fcm ve modern ruh: Diva Soft, \u00e7ekicili\u011fin \u00f6l\u00e7\u00fct\u00fc, zarif bir y\u00f6netici koltu\u011fu ve krom \u00e7elik kaplama ile daha da g\u00fczelle\u015ftirilmi\u015ftir. Farkl\u0131 versiyonlarda sunulan sandalye taban\u0131, koltu\u011fu farkl\u0131 ortamlara uyarlanabilir hale getirirken, Diva Soft&#8217;un t\u00fcm \u00e7ekicili\u011fini korur. \u00d6rne\u011fin k\u0131zak modeli, resmi ve zarif bir \u00e7ekicilik yayar ve onu toplant\u0131 odalar\u0131 i\u00e7in ideal hale getirirken, tekerlekli [&hellip;]<\/p>","protected":false},"featured_media":1243,"template":"","meta":{"_acf_changed":false},"product_brand":[],"product_cat":[41],"product_tag":[],"class_list":{"0":"post-1242","1":"product","2":"type-product","3":"status-publish","4":"has-post-thumbnail","6":"product_cat-yoneticikoltuklari","8":"first","9":"instock","10":"shipping-taxable","11":"purchasable","12":"product-type-simple"},"acf":[],"_links":{"self":[{"href":"https:\/\/kavela.furniture\/en\/wp-json\/wp\/v2\/product\/1242","targetHints":{"allow":["GET"]}}],"collection":[{"href":"https:\/\/kavela.furniture\/en\/wp-json\/wp\/v2\/product"}],"about":[{"href":"https:\/\/kavela.furniture\/en\/wp-json\/wp\/v2\/types\/product"}],"wp:featuredmedia":[{"embeddable":true,"href":"https:\/\/kavela.furniture\/en\/wp-json\/wp\/v2\/media\/1243"}],"wp:attachment":[{"href":"https:\/\/kavela.furniture\/en\/wp-json\/wp\/v2\/media?parent=1242"}],"wp:term":[{"taxonomy":"product_brand","embeddable":true,"href":"https:\/\/kavela.furniture\/en\/wp-json\/wp\/v2\/product_brand?post=1242"},{"taxonomy":"product_cat","embeddable":true,"href":"https:\/\/kavela.furniture\/en\/wp-json\/wp\/v2\/product_cat?post=1242"},{"taxonomy":"product_tag","embeddable":true,"href":"https:\/\/kavela.furniture\/en\/wp-json\/wp\/v2\/product_tag?post=1242"}],"curies":[{"name":"wp","href":"https:\/\/api.w.org\/{rel}","templated":true}]}}