{"id":6972,"date":"2026-04-02T09:22:56","date_gmt":"2026-04-02T09:22:56","guid":{"rendered":"https:\/\/kavela.furniture\/urun\/fold-q\/"},"modified":"2026-04-02T09:22:56","modified_gmt":"2026-04-02T09:22:56","slug":"fold-q","status":"publish","type":"product","link":"https:\/\/kavela.furniture\/en\/product\/fold-q\/","title":{"rendered":"Fold-Q"},"content":{"rendered":"<p>Y\u00f6netici koltu\u011fu, senkron mekanizma, al\u00fcminyum ayakl\u0131, kapitone desenli. Ah\u015fap kol se\u00e7ene\u011fi mevcuttur.<br \/>\nPHP: 2026-04-02 13:40:56 [notice X 0][\/home\/kavela_furniture\/htdocs\/kavela.furniture\/wp-content\/plugins\/elementor-pro\/core\/database\/model-base.php::66] ElementorProCoreDatabaseModel_Base::query(): Implicitly marking parameter  as nullable is deprecated, the explicit nullable type must be used instead [array (<br \/>\n  &#8216;trace&#8217; => &#8216;<br \/>\n#0: ElementorCoreLoggerManager -> shutdown()<br \/>\n&#8216;,<br \/>\n)]<\/p>","protected":false},"excerpt":{"rendered":"<p>Kapitone desenli y\u00f6netici koltu\u011fu, senkron mekanizma<br \/>\nPHP: 2026-04-02 13:41:07 [notice X 0][\/home\/kavela_furniture\/htdocs\/kavela.furniture\/wp-content\/plugins\/elementor-pro\/core\/database\/model-base.php::66] ElementorProCoreDatabaseModel_Base::query(): Implicitly marking parameter  as nullable is deprecated, the explicit nullable type must be used instead [array (<br \/>\n  &#8216;trace&#8217; => &#8216;<br \/>\n#0: ElementorCoreLoggerManager -> shutdown()<br \/>\n&#8216;,<br \/>\n)]<\/p>","protected":false},"featured_media":6973,"template":"","meta":{"_acf_changed":false},"product_brand":[],"product_cat":[41],"product_tag":[],"class_list":{"0":"post-6972","1":"product","2":"type-product","3":"status-publish","4":"has-post-thumbnail","6":"product_cat-yoneticikoltuklari","8":"first","9":"instock","10":"shipping-taxable","11":"product-type-simple"},"acf":[],"_links":{"self":[{"href":"https:\/\/kavela.furniture\/en\/wp-json\/wp\/v2\/product\/6972","targetHints":{"allow":["GET"]}}],"collection":[{"href":"https:\/\/kavela.furniture\/en\/wp-json\/wp\/v2\/product"}],"about":[{"href":"https:\/\/kavela.furniture\/en\/wp-json\/wp\/v2\/types\/product"}],"wp:featuredmedia":[{"embeddable":true,"href":"https:\/\/kavela.furniture\/en\/wp-json\/wp\/v2\/media\/6973"}],"wp:attachment":[{"href":"https:\/\/kavela.furniture\/en\/wp-json\/wp\/v2\/media?parent=6972"}],"wp:term":[{"taxonomy":"product_brand","embeddable":true,"href":"https:\/\/kavela.furniture\/en\/wp-json\/wp\/v2\/product_brand?post=6972"},{"taxonomy":"product_cat","embeddable":true,"href":"https:\/\/kavela.furniture\/en\/wp-json\/wp\/v2\/product_cat?post=6972"},{"taxonomy":"product_tag","embeddable":true,"href":"https:\/\/kavela.furniture\/en\/wp-json\/wp\/v2\/product_tag?post=6972"}],"curies":[{"name":"wp","href":"https:\/\/api.w.org\/{rel}","templated":true}]}}