{"id":6974,"date":"2026-04-02T09:23:28","date_gmt":"2026-04-02T09:23:28","guid":{"rendered":"https:\/\/kavela.furniture\/urun\/legro\/"},"modified":"2026-04-02T09:23:28","modified_gmt":"2026-04-02T09:23:28","slug":"legro","status":"publish","type":"product","link":"https:\/\/kavela.furniture\/en\/product\/legro\/","title":{"rendered":"Legro"},"content":{"rendered":"<p>Y\u00f6netici koltu\u011fu, bel destekli, al\u00fcminyum kol\u00e7ak ve ayak, yeni nesil Knee-tilt mekanizma, y\u00fcksekli\u011fi ayarlanabilen ba\u015fl\u0131k.<br \/>\nPHP: 2026-04-02 13:41:17 [notice X 0][\/home\/kavela_furniture\/htdocs\/kavela.furniture\/wp-content\/plugins\/elementor-pro\/core\/database\/model-base.php::66] ElementorProCoreDatabaseModel_Base::query(): Implicitly marking parameter  as nullable is deprecated, the explicit nullable type must be used instead [array (<br \/>\n  &#8216;trace&#8217; => &#8216;<br \/>\n#0: ElementorCoreLoggerManager -> shutdown()<br \/>\n&#8216;,<br \/>\n)]<\/p>","protected":false},"excerpt":{"rendered":"<p>Bel destekli y\u00f6netici koltu\u011fu, Knee-tilt mekanizma<br \/>\nPHP: 2026-04-02 13:41:28 [notice X 0][\/home\/kavela_furniture\/htdocs\/kavela.furniture\/wp-content\/plugins\/elementor-pro\/core\/database\/model-base.php::66] ElementorProCoreDatabaseModel_Base::query(): Implicitly marking parameter  as nullable is deprecated, the explicit nullable type must be used instead [array (<br \/>\n  &#8216;trace&#8217; => &#8216;<br \/>\n#0: ElementorCoreLoggerManager -> shutdown()<br \/>\n&#8216;,<br \/>\n)]<\/p>","protected":false},"featured_media":6975,"template":"","meta":{"_acf_changed":false},"product_brand":[],"product_cat":[41],"product_tag":[],"class_list":{"0":"post-6974","1":"product","2":"type-product","3":"status-publish","4":"has-post-thumbnail","6":"product_cat-yoneticikoltuklari","8":"first","9":"instock","10":"shipping-taxable","11":"product-type-simple"},"acf":[],"_links":{"self":[{"href":"https:\/\/kavela.furniture\/en\/wp-json\/wp\/v2\/product\/6974","targetHints":{"allow":["GET"]}}],"collection":[{"href":"https:\/\/kavela.furniture\/en\/wp-json\/wp\/v2\/product"}],"about":[{"href":"https:\/\/kavela.furniture\/en\/wp-json\/wp\/v2\/types\/product"}],"wp:featuredmedia":[{"embeddable":true,"href":"https:\/\/kavela.furniture\/en\/wp-json\/wp\/v2\/media\/6975"}],"wp:attachment":[{"href":"https:\/\/kavela.furniture\/en\/wp-json\/wp\/v2\/media?parent=6974"}],"wp:term":[{"taxonomy":"product_brand","embeddable":true,"href":"https:\/\/kavela.furniture\/en\/wp-json\/wp\/v2\/product_brand?post=6974"},{"taxonomy":"product_cat","embeddable":true,"href":"https:\/\/kavela.furniture\/en\/wp-json\/wp\/v2\/product_cat?post=6974"},{"taxonomy":"product_tag","embeddable":true,"href":"https:\/\/kavela.furniture\/en\/wp-json\/wp\/v2\/product_tag?post=6974"}],"curies":[{"name":"wp","href":"https:\/\/api.w.org\/{rel}","templated":true}]}}