{"id":6984,"date":"2026-04-02T09:26:20","date_gmt":"2026-04-02T09:26:20","guid":{"rendered":"https:\/\/kavela.furniture\/urun\/d227\/"},"modified":"2026-04-02T09:26:20","modified_gmt":"2026-04-02T09:26:20","slug":"d227","status":"publish","type":"product","link":"https:\/\/kavela.furniture\/en\/product\/d227\/","title":{"rendered":"D227"},"content":{"rendered":"<p>Y\u00f6netici koltu\u011fu, \u00f6zel fileli s\u0131rt, ask\u0131 aparatl\u0131 ve y\u00fcksekli\u011fi ayarlanabilir ba\u015fl\u0131k, y\u00fckseklik ayarl\u0131 poli\u00fcretan kol\u00e7ak, ayarl\u0131 bel destek \u00fcnitesi, senkron mekanizma. 3D ithal file.<br \/>\nPHP: 2026-04-02 13:43:04 [notice X 0][\/home\/kavela_furniture\/htdocs\/kavela.furniture\/wp-content\/plugins\/elementor-pro\/core\/database\/model-base.php::66] ElementorProCoreDatabaseModel_Base::query(): Implicitly marking parameter  as nullable is deprecated, the explicit nullable type must be used instead [array (<br \/>\n  &#8216;trace&#8217; => &#8216;<br \/>\n#0: ElementorCoreLoggerManager -> shutdown()<br \/>\n&#8216;,<br \/>\n)]<\/p>","protected":false},"excerpt":{"rendered":"<p>\u00d6zel fileli s\u0131rt, ayarl\u0131 bel destekli y\u00f6netici koltu\u011fu<br \/>\nPHP: 2026-04-02 13:43:15 [notice X 0][\/home\/kavela_furniture\/htdocs\/kavela.furniture\/wp-content\/plugins\/elementor-pro\/core\/database\/model-base.php::66] ElementorProCoreDatabaseModel_Base::query(): Implicitly marking parameter  as nullable is deprecated, the explicit nullable type must be used instead [array (<br \/>\n  &#8216;trace&#8217; => &#8216;<br \/>\n#0: ElementorCoreLoggerManager -> shutdown()<br \/>\n&#8216;,<br \/>\n)]<\/p>","protected":false},"featured_media":6985,"template":"","meta":{"_acf_changed":false},"product_brand":[],"product_cat":[40],"product_tag":[],"class_list":{"0":"post-6984","1":"product","2":"type-product","3":"status-publish","4":"has-post-thumbnail","6":"product_cat-calismakoltuklari","8":"first","9":"instock","10":"shipping-taxable","11":"product-type-simple"},"acf":[],"_links":{"self":[{"href":"https:\/\/kavela.furniture\/en\/wp-json\/wp\/v2\/product\/6984","targetHints":{"allow":["GET"]}}],"collection":[{"href":"https:\/\/kavela.furniture\/en\/wp-json\/wp\/v2\/product"}],"about":[{"href":"https:\/\/kavela.furniture\/en\/wp-json\/wp\/v2\/types\/product"}],"wp:featuredmedia":[{"embeddable":true,"href":"https:\/\/kavela.furniture\/en\/wp-json\/wp\/v2\/media\/6985"}],"wp:attachment":[{"href":"https:\/\/kavela.furniture\/en\/wp-json\/wp\/v2\/media?parent=6984"}],"wp:term":[{"taxonomy":"product_brand","embeddable":true,"href":"https:\/\/kavela.furniture\/en\/wp-json\/wp\/v2\/product_brand?post=6984"},{"taxonomy":"product_cat","embeddable":true,"href":"https:\/\/kavela.furniture\/en\/wp-json\/wp\/v2\/product_cat?post=6984"},{"taxonomy":"product_tag","embeddable":true,"href":"https:\/\/kavela.furniture\/en\/wp-json\/wp\/v2\/product_tag?post=6984"}],"curies":[{"name":"wp","href":"https:\/\/api.w.org\/{rel}","templated":true}]}}