{"id":6990,"date":"2026-04-02T09:28:03","date_gmt":"2026-04-02T09:28:03","guid":{"rendered":"https:\/\/kavela.furniture\/urun\/kendo\/"},"modified":"2026-04-02T09:28:03","modified_gmt":"2026-04-02T09:28:03","slug":"kendo","status":"publish","type":"product","link":"https:\/\/kavela.furniture\/en\/product\/kendo\/","title":{"rendered":"Kendo"},"content":{"rendered":"<p>Berjer koltuk, \u015f\u0131k tasar\u0131m, geni\u015f oturma alan\u0131. Ofis lobi ve bekleme alanlar\u0131 i\u00e7in ideal. Puf se\u00e7ene\u011fi mevcuttur.<br \/>\nPHP: 2026-04-02 13:44:07 [notice X 0][\/home\/kavela_furniture\/htdocs\/kavela.furniture\/wp-content\/plugins\/elementor-pro\/core\/database\/model-base.php::66] ElementorProCoreDatabaseModel_Base::query(): Implicitly marking parameter  as nullable is deprecated, the explicit nullable type must be used instead [array (<br \/>\n  &#8216;trace&#8217; => &#8216;<br \/>\n#0: ElementorCoreLoggerManager -> shutdown()<br \/>\n&#8216;,<br \/>\n)]<\/p>","protected":false},"excerpt":{"rendered":"<p>\u015e\u0131k berjer koltuk, geni\u015f oturma alan\u0131<br \/>\nPHP: 2026-04-02 13:44:17 [notice X 0][\/home\/kavela_furniture\/htdocs\/kavela.furniture\/wp-content\/plugins\/elementor-pro\/core\/database\/model-base.php::66] ElementorProCoreDatabaseModel_Base::query(): Implicitly marking parameter  as nullable is deprecated, the explicit nullable type must be used instead [array (<br \/>\n  &#8216;trace&#8217; => &#8216;<br \/>\n#0: ElementorCoreLoggerManager -> shutdown()<br \/>\n&#8216;,<br \/>\n)]<\/p>","protected":false},"featured_media":6991,"template":"","meta":{"_acf_changed":false},"product_brand":[],"product_cat":[39],"product_tag":[],"class_list":{"0":"post-6990","1":"product","2":"type-product","3":"status-publish","4":"has-post-thumbnail","6":"product_cat-koltuklar","8":"first","9":"instock","10":"shipping-taxable","11":"product-type-simple"},"acf":[],"_links":{"self":[{"href":"https:\/\/kavela.furniture\/en\/wp-json\/wp\/v2\/product\/6990","targetHints":{"allow":["GET"]}}],"collection":[{"href":"https:\/\/kavela.furniture\/en\/wp-json\/wp\/v2\/product"}],"about":[{"href":"https:\/\/kavela.furniture\/en\/wp-json\/wp\/v2\/types\/product"}],"wp:featuredmedia":[{"embeddable":true,"href":"https:\/\/kavela.furniture\/en\/wp-json\/wp\/v2\/media\/6991"}],"wp:attachment":[{"href":"https:\/\/kavela.furniture\/en\/wp-json\/wp\/v2\/media?parent=6990"}],"wp:term":[{"taxonomy":"product_brand","embeddable":true,"href":"https:\/\/kavela.furniture\/en\/wp-json\/wp\/v2\/product_brand?post=6990"},{"taxonomy":"product_cat","embeddable":true,"href":"https:\/\/kavela.furniture\/en\/wp-json\/wp\/v2\/product_cat?post=6990"},{"taxonomy":"product_tag","embeddable":true,"href":"https:\/\/kavela.furniture\/en\/wp-json\/wp\/v2\/product_tag?post=6990"}],"curies":[{"name":"wp","href":"https:\/\/api.w.org\/{rel}","templated":true}]}}