{"id":7006,"date":"2026-04-02T09:32:36","date_gmt":"2026-04-02T09:32:36","guid":{"rendered":"https:\/\/kavela.furniture\/urun\/dawn\/"},"modified":"2026-04-02T09:32:36","modified_gmt":"2026-04-02T09:32:36","slug":"dawn","status":"publish","type":"product","link":"https:\/\/kavela.furniture\/en\/product\/dawn\/","title":{"rendered":"Dawn"},"content":{"rendered":"<p>Bekleme sandalyesi, krom ayakl\u0131. Lobi ve bekleme alanlar\u0131 i\u00e7in \u015f\u0131k tasar\u0131m.<br \/>\nPHP: 2026-04-02 13:46:56 [notice X 0][\/home\/kavela_furniture\/htdocs\/kavela.furniture\/wp-content\/plugins\/elementor-pro\/core\/database\/model-base.php::66] ElementorProCoreDatabaseModel_Base::query(): Implicitly marking parameter  as nullable is deprecated, the explicit nullable type must be used instead [array (<br \/>\n  &#8216;trace&#8217; => &#8216;<br \/>\n#0: ElementorCoreLoggerManager -> shutdown()<br \/>\n&#8216;,<br \/>\n)]<\/p>","protected":false},"excerpt":{"rendered":"<p>Krom ayakl\u0131 bekleme sandalyesi<\/p>","protected":false},"featured_media":7007,"template":"","meta":{"_acf_changed":false},"product_brand":[],"product_cat":[80],"product_tag":[],"class_list":{"0":"post-7006","1":"product","2":"type-product","3":"status-publish","4":"has-post-thumbnail","6":"product_cat-cok-amacli-koltuklar","8":"first","9":"instock","10":"shipping-taxable","11":"product-type-simple"},"acf":[],"_links":{"self":[{"href":"https:\/\/kavela.furniture\/en\/wp-json\/wp\/v2\/product\/7006","targetHints":{"allow":["GET"]}}],"collection":[{"href":"https:\/\/kavela.furniture\/en\/wp-json\/wp\/v2\/product"}],"about":[{"href":"https:\/\/kavela.furniture\/en\/wp-json\/wp\/v2\/types\/product"}],"wp:featuredmedia":[{"embeddable":true,"href":"https:\/\/kavela.furniture\/en\/wp-json\/wp\/v2\/media\/7007"}],"wp:attachment":[{"href":"https:\/\/kavela.furniture\/en\/wp-json\/wp\/v2\/media?parent=7006"}],"wp:term":[{"taxonomy":"product_brand","embeddable":true,"href":"https:\/\/kavela.furniture\/en\/wp-json\/wp\/v2\/product_brand?post=7006"},{"taxonomy":"product_cat","embeddable":true,"href":"https:\/\/kavela.furniture\/en\/wp-json\/wp\/v2\/product_cat?post=7006"},{"taxonomy":"product_tag","embeddable":true,"href":"https:\/\/kavela.furniture\/en\/wp-json\/wp\/v2\/product_tag?post=7006"}],"curies":[{"name":"wp","href":"https:\/\/api.w.org\/{rel}","templated":true}]}}