{"id":7010,"date":"2026-04-02T09:33:48","date_gmt":"2026-04-02T09:33:48","guid":{"rendered":"https:\/\/kavela.furniture\/urun\/dopano\/"},"modified":"2026-04-02T09:33:48","modified_gmt":"2026-04-02T09:33:48","slug":"dopano","status":"publish","type":"product","link":"https:\/\/kavela.furniture\/en\/product\/dopano\/","title":{"rendered":"Dopano"},"content":{"rendered":"<p>Tekli ve ikili kanepe. Modern tasar\u0131m, y\u00fcksek konfor. Ofis lobi ve bekleme alanlar\u0131 i\u00e7in ideal.<\/p>","protected":false},"excerpt":{"rendered":"<p>Modern tekli ve ikili kanepe<\/p>","protected":false},"featured_media":7011,"template":"","meta":{"_acf_changed":false},"product_brand":[],"product_cat":[38],"product_tag":[],"class_list":{"0":"post-7010","1":"product","2":"type-product","3":"status-publish","4":"has-post-thumbnail","6":"product_cat-kanepeler","8":"first","9":"instock","10":"shipping-taxable","11":"product-type-simple"},"acf":[],"_links":{"self":[{"href":"https:\/\/kavela.furniture\/en\/wp-json\/wp\/v2\/product\/7010","targetHints":{"allow":["GET"]}}],"collection":[{"href":"https:\/\/kavela.furniture\/en\/wp-json\/wp\/v2\/product"}],"about":[{"href":"https:\/\/kavela.furniture\/en\/wp-json\/wp\/v2\/types\/product"}],"wp:featuredmedia":[{"embeddable":true,"href":"https:\/\/kavela.furniture\/en\/wp-json\/wp\/v2\/media\/7011"}],"wp:attachment":[{"href":"https:\/\/kavela.furniture\/en\/wp-json\/wp\/v2\/media?parent=7010"}],"wp:term":[{"taxonomy":"product_brand","embeddable":true,"href":"https:\/\/kavela.furniture\/en\/wp-json\/wp\/v2\/product_brand?post=7010"},{"taxonomy":"product_cat","embeddable":true,"href":"https:\/\/kavela.furniture\/en\/wp-json\/wp\/v2\/product_cat?post=7010"},{"taxonomy":"product_tag","embeddable":true,"href":"https:\/\/kavela.furniture\/en\/wp-json\/wp\/v2\/product_tag?post=7010"}],"curies":[{"name":"wp","href":"https:\/\/api.w.org\/{rel}","templated":true}]}}