{"id":7014,"date":"2026-04-02T09:34:56","date_gmt":"2026-04-02T09:34:56","guid":{"rendered":"https:\/\/kavela.furniture\/urun\/estela\/"},"modified":"2026-04-02T09:34:56","modified_gmt":"2026-04-02T09:34:56","slug":"estela","status":"publish","type":"product","link":"https:\/\/kavela.furniture\/en\/product\/estela\/","title":{"rendered":"Estela"},"content":{"rendered":"<p>\u00c7al\u0131\u015fma koltu\u011fu, ayarl\u0131 PU kol\u00e7ak, plastik ayak, multitilting plus mekanizma. Krom ayak se\u00e7ene\u011fi mevcuttur.<\/p>","protected":false},"excerpt":{"rendered":"<p>Multitilting plus mekanizmal\u0131 \u00e7al\u0131\u015fma koltu\u011fu<\/p>","protected":false},"featured_media":7015,"template":"","meta":{"_acf_changed":false},"product_brand":[],"product_cat":[40],"product_tag":[],"class_list":{"0":"post-7014","1":"product","2":"type-product","3":"status-publish","4":"has-post-thumbnail","6":"product_cat-calismakoltuklari","8":"first","9":"instock","10":"shipping-taxable","11":"product-type-simple"},"acf":[],"_links":{"self":[{"href":"https:\/\/kavela.furniture\/en\/wp-json\/wp\/v2\/product\/7014","targetHints":{"allow":["GET"]}}],"collection":[{"href":"https:\/\/kavela.furniture\/en\/wp-json\/wp\/v2\/product"}],"about":[{"href":"https:\/\/kavela.furniture\/en\/wp-json\/wp\/v2\/types\/product"}],"wp:featuredmedia":[{"embeddable":true,"href":"https:\/\/kavela.furniture\/en\/wp-json\/wp\/v2\/media\/7015"}],"wp:attachment":[{"href":"https:\/\/kavela.furniture\/en\/wp-json\/wp\/v2\/media?parent=7014"}],"wp:term":[{"taxonomy":"product_brand","embeddable":true,"href":"https:\/\/kavela.furniture\/en\/wp-json\/wp\/v2\/product_brand?post=7014"},{"taxonomy":"product_cat","embeddable":true,"href":"https:\/\/kavela.furniture\/en\/wp-json\/wp\/v2\/product_cat?post=7014"},{"taxonomy":"product_tag","embeddable":true,"href":"https:\/\/kavela.furniture\/en\/wp-json\/wp\/v2\/product_tag?post=7014"}],"curies":[{"name":"wp","href":"https:\/\/api.w.org\/{rel}","templated":true}]}}